{"id":8745,"date":"2021-01-17T12:27:33","date_gmt":"2021-01-17T12:27:33","guid":{"rendered":"https:\/\/olmogenova.com\/prodotto\/import-placeholder-for-7466\/"},"modified":"2021-01-17T12:27:35","modified_gmt":"2021-01-17T12:27:35","slug":"pinarello-dogma-k8","status":"publish","type":"product","link":"https:\/\/olmogenova.com\/olmogenova-login\/tienda\/corsa\/pinarello-dogma-k8\/","title":{"rendered":"Pinarello Dogma K8"},"content":{"rendered":"<p>Dogma K8 \u00e8 nata dalla stessa idea di K8s.. dare maggiore comfort al corridore. Le geometrie ed il materiale, come pure le sezioni dei tubi del triangolo principale, sono tutte invariate rispetto a Dogma K8s. Sul posteriore \u00e8 stata rimossa la sospensione, utilizzando un pi\u00f9 tradizionale monostay in carbonio. in questo modo, Dogma K8 risulta essere un po&#8217; pi\u00f9 rigida di K8s, sempre garantendo comfort e rigidezza torsionale grazie ai poderosi foderi bassi <em>FlexStays<\/em>.<\/p>\n","protected":false},"excerpt":{"rendered":"<p>Dogma K8 \u00e8 nata dalla stessa idea di K8s.. dare maggiore comfort al corridore. Le geometrie ed il materiale, come pure le sezioni dei tubi del triangolo principale, sono tutte invariate rispetto a Dogma K8s. Sul posteriore \u00e8 stata rimossa la sospensione, utilizzando un pi\u00f9 tradizionale monostay in carbonio. in questo modo, Dogma K8 risulta &#8230; <a title=\"Pinarello Dogma K8\" class=\"read-more\" href=\"https:\/\/olmogenova.com\/olmogenova-login\/tienda\/corsa\/pinarello-dogma-k8\/\" aria-label=\"Leggi di pi\u00f9 su Pinarello Dogma K8\">Leggi tutto<\/a><\/p>\n","protected":false},"featured_media":5521,"template":"","meta":[],"product_cat":[87],"product_tag":[],"yoast_head":"<!-- This site is optimized with the Yoast SEO plugin v18.3 - https:\/\/yoast.com\/wordpress\/plugins\/seo\/ -->\n<title>Pinarello Dogma K8 - Olmo La Biciclissima<\/title>\n<meta name=\"robots\" content=\"index, follow, max-snippet:-1, max-image-preview:large, max-video-preview:-1\" \/>\n<link rel=\"canonical\" href=\"https:\/\/olmogenova.com\/olmogenova-login\/tienda\/corsa\/pinarello-dogma-k8\/\" \/>\n<meta property=\"og:locale\" content=\"it_IT\" \/>\n<meta property=\"og:type\" content=\"article\" \/>\n<meta property=\"og:title\" content=\"Pinarello Dogma K8 - Olmo La Biciclissima\" \/>\n<meta property=\"og:description\" content=\"Dogma K8 \u00e8 nata dalla stessa idea di K8s.. dare maggiore comfort al corridore. Le geometrie ed il materiale, come pure le sezioni dei tubi del triangolo principale, sono tutte invariate rispetto a Dogma K8s. Sul posteriore \u00e8 stata rimossa la sospensione, utilizzando un pi\u00f9 tradizionale monostay in carbonio. in questo modo, Dogma K8 risulta ... Leggi tutto\" \/>\n<meta property=\"og:url\" content=\"https:\/\/olmogenova.com\/olmogenova-login\/tienda\/corsa\/pinarello-dogma-k8\/\" \/>\n<meta property=\"og:site_name\" content=\"Olmo La Biciclissima\" \/>\n<meta property=\"article:modified_time\" content=\"2021-01-17T12:27:35+00:00\" \/>\n<meta property=\"og:image\" content=\"https:\/\/olmogenova.com\/wp-content\/uploads\/2017\/05\/Bici_dogma_k8_Olmo.jpg\" \/>\n\t<meta property=\"og:image:width\" content=\"600\" \/>\n\t<meta property=\"og:image:height\" content=\"600\" \/>\n\t<meta property=\"og:image:type\" content=\"image\/jpeg\" \/>\n<meta name=\"twitter:card\" content=\"summary_large_image\" \/>\n<script type=\"application\/ld+json\" class=\"yoast-schema-graph\">{\"@context\":\"https:\/\/schema.org\",\"@graph\":[{\"@type\":\"WebSite\",\"@id\":\"https:\/\/olmogenova.com\/olmogenova-login\/#website\",\"url\":\"https:\/\/olmogenova.com\/olmogenova-login\/\",\"name\":\"Olmo La Biciclissima\",\"description\":\"Genova\",\"potentialAction\":[{\"@type\":\"SearchAction\",\"target\":{\"@type\":\"EntryPoint\",\"urlTemplate\":\"https:\/\/olmogenova.com\/olmogenova-login\/?s={search_term_string}\"},\"query-input\":\"required name=search_term_string\"}],\"inLanguage\":\"it-IT\"},{\"@type\":\"ImageObject\",\"@id\":\"https:\/\/olmogenova.com\/olmogenova-login\/tienda\/corsa\/pinarello-dogma-k8\/#primaryimage\",\"inLanguage\":\"it-IT\",\"url\":\"https:\/\/olmogenova.com\/wp-content\/uploads\/2017\/05\/Bici_dogma_k8_Olmo.jpg\",\"contentUrl\":\"https:\/\/olmogenova.com\/wp-content\/uploads\/2017\/05\/Bici_dogma_k8_Olmo.jpg\",\"width\":600,\"height\":600,\"caption\":\"Bici_dogma_k8_Olmo Olmo la Biciclissima\"},{\"@type\":\"WebPage\",\"@id\":\"https:\/\/olmogenova.com\/olmogenova-login\/tienda\/corsa\/pinarello-dogma-k8\/#webpage\",\"url\":\"https:\/\/olmogenova.com\/olmogenova-login\/tienda\/corsa\/pinarello-dogma-k8\/\",\"name\":\"Pinarello Dogma K8 - Olmo La Biciclissima\",\"isPartOf\":{\"@id\":\"https:\/\/olmogenova.com\/olmogenova-login\/#website\"},\"primaryImageOfPage\":{\"@id\":\"https:\/\/olmogenova.com\/olmogenova-login\/tienda\/corsa\/pinarello-dogma-k8\/#primaryimage\"},\"datePublished\":\"2021-01-17T12:27:33+00:00\",\"dateModified\":\"2021-01-17T12:27:35+00:00\",\"breadcrumb\":{\"@id\":\"https:\/\/olmogenova.com\/olmogenova-login\/tienda\/corsa\/pinarello-dogma-k8\/#breadcrumb\"},\"inLanguage\":\"it-IT\",\"potentialAction\":[{\"@type\":\"ReadAction\",\"target\":[\"https:\/\/olmogenova.com\/olmogenova-login\/tienda\/corsa\/pinarello-dogma-k8\/\"]}]},{\"@type\":\"BreadcrumbList\",\"@id\":\"https:\/\/olmogenova.com\/olmogenova-login\/tienda\/corsa\/pinarello-dogma-k8\/#breadcrumb\",\"itemListElement\":[{\"@type\":\"ListItem\",\"position\":1,\"name\":\"Home\",\"item\":\"https:\/\/olmogenova.com\/olmogenova-login\/\"},{\"@type\":\"ListItem\",\"position\":2,\"name\":\"Tienda\",\"item\":\"https:\/\/olmogenova.com\/olmogenova-login\/tienda\/\"},{\"@type\":\"ListItem\",\"position\":3,\"name\":\"Pinarello Dogma K8\"}]}]}<\/script>\n<!-- \/ Yoast SEO plugin. -->","yoast_head_json":{"title":"Pinarello Dogma K8 - Olmo La Biciclissima","robots":{"index":"index","follow":"follow","max-snippet":"max-snippet:-1","max-image-preview":"max-image-preview:large","max-video-preview":"max-video-preview:-1"},"canonical":"https:\/\/olmogenova.com\/olmogenova-login\/tienda\/corsa\/pinarello-dogma-k8\/","og_locale":"it_IT","og_type":"article","og_title":"Pinarello Dogma K8 - Olmo La Biciclissima","og_description":"Dogma K8 \u00e8 nata dalla stessa idea di K8s.. dare maggiore comfort al corridore. Le geometrie ed il materiale, come pure le sezioni dei tubi del triangolo principale, sono tutte invariate rispetto a Dogma K8s. Sul posteriore \u00e8 stata rimossa la sospensione, utilizzando un pi\u00f9 tradizionale monostay in carbonio. in questo modo, Dogma K8 risulta ... Leggi tutto","og_url":"https:\/\/olmogenova.com\/olmogenova-login\/tienda\/corsa\/pinarello-dogma-k8\/","og_site_name":"Olmo La Biciclissima","article_modified_time":"2021-01-17T12:27:35+00:00","og_image":[{"width":600,"height":600,"url":"https:\/\/olmogenova.com\/wp-content\/uploads\/2017\/05\/Bici_dogma_k8_Olmo.jpg","type":"image\/jpeg"}],"twitter_card":"summary_large_image","schema":{"@context":"https:\/\/schema.org","@graph":[{"@type":"WebSite","@id":"https:\/\/olmogenova.com\/olmogenova-login\/#website","url":"https:\/\/olmogenova.com\/olmogenova-login\/","name":"Olmo La Biciclissima","description":"Genova","potentialAction":[{"@type":"SearchAction","target":{"@type":"EntryPoint","urlTemplate":"https:\/\/olmogenova.com\/olmogenova-login\/?s={search_term_string}"},"query-input":"required name=search_term_string"}],"inLanguage":"it-IT"},{"@type":"ImageObject","@id":"https:\/\/olmogenova.com\/olmogenova-login\/tienda\/corsa\/pinarello-dogma-k8\/#primaryimage","inLanguage":"it-IT","url":"https:\/\/olmogenova.com\/wp-content\/uploads\/2017\/05\/Bici_dogma_k8_Olmo.jpg","contentUrl":"https:\/\/olmogenova.com\/wp-content\/uploads\/2017\/05\/Bici_dogma_k8_Olmo.jpg","width":600,"height":600,"caption":"Bici_dogma_k8_Olmo Olmo la Biciclissima"},{"@type":"WebPage","@id":"https:\/\/olmogenova.com\/olmogenova-login\/tienda\/corsa\/pinarello-dogma-k8\/#webpage","url":"https:\/\/olmogenova.com\/olmogenova-login\/tienda\/corsa\/pinarello-dogma-k8\/","name":"Pinarello Dogma K8 - Olmo La Biciclissima","isPartOf":{"@id":"https:\/\/olmogenova.com\/olmogenova-login\/#website"},"primaryImageOfPage":{"@id":"https:\/\/olmogenova.com\/olmogenova-login\/tienda\/corsa\/pinarello-dogma-k8\/#primaryimage"},"datePublished":"2021-01-17T12:27:33+00:00","dateModified":"2021-01-17T12:27:35+00:00","breadcrumb":{"@id":"https:\/\/olmogenova.com\/olmogenova-login\/tienda\/corsa\/pinarello-dogma-k8\/#breadcrumb"},"inLanguage":"it-IT","potentialAction":[{"@type":"ReadAction","target":["https:\/\/olmogenova.com\/olmogenova-login\/tienda\/corsa\/pinarello-dogma-k8\/"]}]},{"@type":"BreadcrumbList","@id":"https:\/\/olmogenova.com\/olmogenova-login\/tienda\/corsa\/pinarello-dogma-k8\/#breadcrumb","itemListElement":[{"@type":"ListItem","position":1,"name":"Home","item":"https:\/\/olmogenova.com\/olmogenova-login\/"},{"@type":"ListItem","position":2,"name":"Tienda","item":"https:\/\/olmogenova.com\/olmogenova-login\/tienda\/"},{"@type":"ListItem","position":3,"name":"Pinarello Dogma K8"}]}]}},"_links":{"self":[{"href":"https:\/\/olmogenova.com\/olmogenova-login\/wp-json\/wp\/v2\/product\/8745"}],"collection":[{"href":"https:\/\/olmogenova.com\/olmogenova-login\/wp-json\/wp\/v2\/product"}],"about":[{"href":"https:\/\/olmogenova.com\/olmogenova-login\/wp-json\/wp\/v2\/types\/product"}],"version-history":[{"count":1,"href":"https:\/\/olmogenova.com\/olmogenova-login\/wp-json\/wp\/v2\/product\/8745\/revisions"}],"predecessor-version":[{"id":8768,"href":"https:\/\/olmogenova.com\/olmogenova-login\/wp-json\/wp\/v2\/product\/8745\/revisions\/8768"}],"wp:featuredmedia":[{"embeddable":true,"href":"https:\/\/olmogenova.com\/olmogenova-login\/wp-json\/wp\/v2\/media\/5521"}],"wp:attachment":[{"href":"https:\/\/olmogenova.com\/olmogenova-login\/wp-json\/wp\/v2\/media?parent=8745"}],"wp:term":[{"taxonomy":"product_cat","embeddable":true,"href":"https:\/\/olmogenova.com\/olmogenova-login\/wp-json\/wp\/v2\/product_cat?post=8745"},{"taxonomy":"product_tag","embeddable":true,"href":"https:\/\/olmogenova.com\/olmogenova-login\/wp-json\/wp\/v2\/product_tag?post=8745"}],"curies":[{"name":"wp","href":"https:\/\/api.w.org\/{rel}","templated":true}]}}