{"id":8798,"date":"2021-01-17T12:27:37","date_gmt":"2021-01-17T12:27:37","guid":{"rendered":"https:\/\/olmogenova.com\/prodotto\/import-placeholder-for-7500\/"},"modified":"2021-01-24T14:49:28","modified_gmt":"2021-01-24T14:49:28","slug":"k2","status":"publish","type":"product","link":"https:\/\/olmogenova.com\/olmogenova-login\/tienda\/accessori\/k2\/","title":{"rendered":"K2++"},"content":{"rendered":"<p>Si chiama K2++ come la vetta conquistata dalla spedizione tricolore nel 1954, non a caso \u00e8 la folder e-bike ITALWIN che testimonia scelte tecnologiche all&#8217;avanguardia. Il motore \u00e8 potente, i freni sono a disco e i pneumatici sono maggiorati. Dedicata agli sportivi giovani e grintosi, \u00e8 studiata per affrontare le salite impervie grazie all&#8217;accoppiamento tra diametro ruota e spunto della centralina.<\/p>\n","protected":false},"excerpt":{"rendered":"<p>Si chiama K2++ come la vetta conquistata dalla spedizione tricolore nel 1954, non a caso \u00e8 la folder e-bike ITALWIN che testimonia scelte tecnologiche all&#8217;avanguardia. Il motore \u00e8 potente, i freni sono a disco e i pneumatici sono maggiorati. Dedicata agli sportivi giovani e grintosi, \u00e8 studiata per affrontare le salite impervie grazie all&#8217;accoppiamento tra &#8230; <a title=\"K2++\" class=\"read-more\" href=\"https:\/\/olmogenova.com\/olmogenova-login\/tienda\/accessori\/k2\/\" aria-label=\"Leggi di pi\u00f9 su K2++\">Leggi tutto<\/a><\/p>\n","protected":false},"featured_media":5300,"template":"","meta":[],"product_cat":[92],"product_tag":[],"yoast_head":"<!-- This site is optimized with the Yoast SEO plugin v18.3 - https:\/\/yoast.com\/wordpress\/plugins\/seo\/ -->\n<title>K2++ - Olmo La Biciclissima<\/title>\n<meta name=\"robots\" content=\"index, follow, max-snippet:-1, max-image-preview:large, max-video-preview:-1\" \/>\n<link rel=\"canonical\" href=\"https:\/\/olmogenova.com\/olmogenova-login\/tienda\/accessori\/k2\/\" \/>\n<meta property=\"og:locale\" content=\"it_IT\" \/>\n<meta property=\"og:type\" content=\"article\" \/>\n<meta property=\"og:title\" content=\"K2++ - Olmo La Biciclissima\" \/>\n<meta property=\"og:description\" content=\"Si chiama K2++ come la vetta conquistata dalla spedizione tricolore nel 1954, non a caso \u00e8 la folder e-bike ITALWIN che testimonia scelte tecnologiche all&#8217;avanguardia. Il motore \u00e8 potente, i freni sono a disco e i pneumatici sono maggiorati. Dedicata agli sportivi giovani e grintosi, \u00e8 studiata per affrontare le salite impervie grazie all&#8217;accoppiamento tra ... Leggi tutto\" \/>\n<meta property=\"og:url\" content=\"https:\/\/olmogenova.com\/olmogenova-login\/tienda\/accessori\/k2\/\" \/>\n<meta property=\"og:site_name\" content=\"Olmo La Biciclissima\" \/>\n<meta property=\"article:modified_time\" content=\"2021-01-24T14:49:28+00:00\" \/>\n<meta property=\"og:image\" content=\"https:\/\/olmogenova.com\/wp-content\/uploads\/2017\/03\/ktm-scarp-29-sonic-2.jpg\" \/>\n\t<meta property=\"og:image:width\" content=\"600\" \/>\n\t<meta property=\"og:image:height\" content=\"600\" \/>\n\t<meta property=\"og:image:type\" content=\"image\/jpeg\" \/>\n<meta name=\"twitter:card\" content=\"summary_large_image\" \/>\n<script type=\"application\/ld+json\" class=\"yoast-schema-graph\">{\"@context\":\"https:\/\/schema.org\",\"@graph\":[{\"@type\":\"WebSite\",\"@id\":\"https:\/\/olmogenova.com\/olmogenova-login\/#website\",\"url\":\"https:\/\/olmogenova.com\/olmogenova-login\/\",\"name\":\"Olmo La Biciclissima\",\"description\":\"Genova\",\"potentialAction\":[{\"@type\":\"SearchAction\",\"target\":{\"@type\":\"EntryPoint\",\"urlTemplate\":\"https:\/\/olmogenova.com\/olmogenova-login\/?s={search_term_string}\"},\"query-input\":\"required name=search_term_string\"}],\"inLanguage\":\"it-IT\"},{\"@type\":\"ImageObject\",\"@id\":\"https:\/\/olmogenova.com\/olmogenova-login\/tienda\/accessori\/k2\/#primaryimage\",\"inLanguage\":\"it-IT\",\"url\":\"https:\/\/olmogenova.com\/wp-content\/uploads\/2017\/03\/ktm-scarp-29-sonic-2.jpg\",\"contentUrl\":\"https:\/\/olmogenova.com\/wp-content\/uploads\/2017\/03\/ktm-scarp-29-sonic-2.jpg\",\"width\":600,\"height\":600},{\"@type\":\"WebPage\",\"@id\":\"https:\/\/olmogenova.com\/olmogenova-login\/tienda\/accessori\/k2\/#webpage\",\"url\":\"https:\/\/olmogenova.com\/olmogenova-login\/tienda\/accessori\/k2\/\",\"name\":\"K2++ - Olmo La Biciclissima\",\"isPartOf\":{\"@id\":\"https:\/\/olmogenova.com\/olmogenova-login\/#website\"},\"primaryImageOfPage\":{\"@id\":\"https:\/\/olmogenova.com\/olmogenova-login\/tienda\/accessori\/k2\/#primaryimage\"},\"datePublished\":\"2021-01-17T12:27:37+00:00\",\"dateModified\":\"2021-01-24T14:49:28+00:00\",\"breadcrumb\":{\"@id\":\"https:\/\/olmogenova.com\/olmogenova-login\/tienda\/accessori\/k2\/#breadcrumb\"},\"inLanguage\":\"it-IT\",\"potentialAction\":[{\"@type\":\"ReadAction\",\"target\":[\"https:\/\/olmogenova.com\/olmogenova-login\/tienda\/accessori\/k2\/\"]}]},{\"@type\":\"BreadcrumbList\",\"@id\":\"https:\/\/olmogenova.com\/olmogenova-login\/tienda\/accessori\/k2\/#breadcrumb\",\"itemListElement\":[{\"@type\":\"ListItem\",\"position\":1,\"name\":\"Home\",\"item\":\"https:\/\/olmogenova.com\/olmogenova-login\/\"},{\"@type\":\"ListItem\",\"position\":2,\"name\":\"Tienda\",\"item\":\"https:\/\/olmogenova.com\/olmogenova-login\/tienda\/\"},{\"@type\":\"ListItem\",\"position\":3,\"name\":\"K2++\"}]}]}<\/script>\n<!-- \/ Yoast SEO plugin. -->","yoast_head_json":{"title":"K2++ - Olmo La Biciclissima","robots":{"index":"index","follow":"follow","max-snippet":"max-snippet:-1","max-image-preview":"max-image-preview:large","max-video-preview":"max-video-preview:-1"},"canonical":"https:\/\/olmogenova.com\/olmogenova-login\/tienda\/accessori\/k2\/","og_locale":"it_IT","og_type":"article","og_title":"K2++ - Olmo La Biciclissima","og_description":"Si chiama K2++ come la vetta conquistata dalla spedizione tricolore nel 1954, non a caso \u00e8 la folder e-bike ITALWIN che testimonia scelte tecnologiche all&#8217;avanguardia. Il motore \u00e8 potente, i freni sono a disco e i pneumatici sono maggiorati. Dedicata agli sportivi giovani e grintosi, \u00e8 studiata per affrontare le salite impervie grazie all&#8217;accoppiamento tra ... Leggi tutto","og_url":"https:\/\/olmogenova.com\/olmogenova-login\/tienda\/accessori\/k2\/","og_site_name":"Olmo La Biciclissima","article_modified_time":"2021-01-24T14:49:28+00:00","og_image":[{"width":600,"height":600,"url":"https:\/\/olmogenova.com\/wp-content\/uploads\/2017\/03\/ktm-scarp-29-sonic-2.jpg","type":"image\/jpeg"}],"twitter_card":"summary_large_image","schema":{"@context":"https:\/\/schema.org","@graph":[{"@type":"WebSite","@id":"https:\/\/olmogenova.com\/olmogenova-login\/#website","url":"https:\/\/olmogenova.com\/olmogenova-login\/","name":"Olmo La Biciclissima","description":"Genova","potentialAction":[{"@type":"SearchAction","target":{"@type":"EntryPoint","urlTemplate":"https:\/\/olmogenova.com\/olmogenova-login\/?s={search_term_string}"},"query-input":"required name=search_term_string"}],"inLanguage":"it-IT"},{"@type":"ImageObject","@id":"https:\/\/olmogenova.com\/olmogenova-login\/tienda\/accessori\/k2\/#primaryimage","inLanguage":"it-IT","url":"https:\/\/olmogenova.com\/wp-content\/uploads\/2017\/03\/ktm-scarp-29-sonic-2.jpg","contentUrl":"https:\/\/olmogenova.com\/wp-content\/uploads\/2017\/03\/ktm-scarp-29-sonic-2.jpg","width":600,"height":600},{"@type":"WebPage","@id":"https:\/\/olmogenova.com\/olmogenova-login\/tienda\/accessori\/k2\/#webpage","url":"https:\/\/olmogenova.com\/olmogenova-login\/tienda\/accessori\/k2\/","name":"K2++ - Olmo La Biciclissima","isPartOf":{"@id":"https:\/\/olmogenova.com\/olmogenova-login\/#website"},"primaryImageOfPage":{"@id":"https:\/\/olmogenova.com\/olmogenova-login\/tienda\/accessori\/k2\/#primaryimage"},"datePublished":"2021-01-17T12:27:37+00:00","dateModified":"2021-01-24T14:49:28+00:00","breadcrumb":{"@id":"https:\/\/olmogenova.com\/olmogenova-login\/tienda\/accessori\/k2\/#breadcrumb"},"inLanguage":"it-IT","potentialAction":[{"@type":"ReadAction","target":["https:\/\/olmogenova.com\/olmogenova-login\/tienda\/accessori\/k2\/"]}]},{"@type":"BreadcrumbList","@id":"https:\/\/olmogenova.com\/olmogenova-login\/tienda\/accessori\/k2\/#breadcrumb","itemListElement":[{"@type":"ListItem","position":1,"name":"Home","item":"https:\/\/olmogenova.com\/olmogenova-login\/"},{"@type":"ListItem","position":2,"name":"Tienda","item":"https:\/\/olmogenova.com\/olmogenova-login\/tienda\/"},{"@type":"ListItem","position":3,"name":"K2++"}]}]}},"_links":{"self":[{"href":"https:\/\/olmogenova.com\/olmogenova-login\/wp-json\/wp\/v2\/product\/8798"}],"collection":[{"href":"https:\/\/olmogenova.com\/olmogenova-login\/wp-json\/wp\/v2\/product"}],"about":[{"href":"https:\/\/olmogenova.com\/olmogenova-login\/wp-json\/wp\/v2\/types\/product"}],"version-history":[{"count":1,"href":"https:\/\/olmogenova.com\/olmogenova-login\/wp-json\/wp\/v2\/product\/8798\/revisions"}],"predecessor-version":[{"id":8809,"href":"https:\/\/olmogenova.com\/olmogenova-login\/wp-json\/wp\/v2\/product\/8798\/revisions\/8809"}],"wp:featuredmedia":[{"embeddable":true,"href":"https:\/\/olmogenova.com\/olmogenova-login\/wp-json\/wp\/v2\/media\/5300"}],"wp:attachment":[{"href":"https:\/\/olmogenova.com\/olmogenova-login\/wp-json\/wp\/v2\/media?parent=8798"}],"wp:term":[{"taxonomy":"product_cat","embeddable":true,"href":"https:\/\/olmogenova.com\/olmogenova-login\/wp-json\/wp\/v2\/product_cat?post=8798"},{"taxonomy":"product_tag","embeddable":true,"href":"https:\/\/olmogenova.com\/olmogenova-login\/wp-json\/wp\/v2\/product_tag?post=8798"}],"curies":[{"name":"wp","href":"https:\/\/api.w.org\/{rel}","templated":true}]}}