{"id":8817,"date":"2021-01-17T12:27:40","date_gmt":"2021-01-17T12:27:40","guid":{"rendered":"https:\/\/olmogenova.com\/prodotto\/import-placeholder-for-7508\/"},"modified":"2021-01-17T12:27:42","modified_gmt":"2021-01-17T12:27:42","slug":"italwin-ducati-city-king","status":"publish","type":"product","link":"https:\/\/olmogenova.com\/olmogenova-login\/tienda\/e-bike\/italwin-ducati-city-king\/","title":{"rendered":"Italwin Ducati City King"},"content":{"rendered":"<p>La Ducati City King iTorq \u00e8 una soluzione pratica ed elegante per muoversi con agilit\u00e0 in citt\u00e0. L&#8217;innovativo sistema &#8220;iTorq&#8221; \u00e8 facile da usare e molto intuitivo, il software infatti fornisce al motore il tipo di assistenza che pi\u00f9 si desidera, da una pedalata rilassante fino a quella scattante. L&#8217;autonomia della batteria \u00e8 di un massimo di 80 km, con condizioni ottimali e a seconda del programma di assistenza scelto.<\/p>\n","protected":false},"excerpt":{"rendered":"<p>La Ducati City King iTorq \u00e8 una soluzione pratica ed elegante per muoversi con agilit\u00e0 in citt\u00e0. L&#8217;innovativo sistema &#8220;iTorq&#8221; \u00e8 facile da usare e molto intuitivo, il software infatti fornisce al motore il tipo di assistenza che pi\u00f9 si desidera, da una pedalata rilassante fino a quella scattante. L&#8217;autonomia della batteria \u00e8 di un &#8230; <a title=\"Italwin Ducati City King\" class=\"read-more\" href=\"https:\/\/olmogenova.com\/olmogenova-login\/tienda\/e-bike\/italwin-ducati-city-king\/\" aria-label=\"Leggi di pi\u00f9 su Italwin Ducati City King\">Leggi tutto<\/a><\/p>\n","protected":false},"featured_media":5529,"template":"","meta":[],"product_cat":[104],"product_tag":[],"yoast_head":"<!-- This site is optimized with the Yoast SEO plugin v18.3 - https:\/\/yoast.com\/wordpress\/plugins\/seo\/ -->\n<title>Italwin Ducati City King - Olmo La Biciclissima<\/title>\n<meta name=\"robots\" content=\"index, follow, max-snippet:-1, max-image-preview:large, max-video-preview:-1\" \/>\n<link rel=\"canonical\" href=\"https:\/\/olmogenova.com\/olmogenova-login\/tienda\/e-bike\/italwin-ducati-city-king\/\" \/>\n<meta property=\"og:locale\" content=\"it_IT\" \/>\n<meta property=\"og:type\" content=\"article\" \/>\n<meta property=\"og:title\" content=\"Italwin Ducati City King - Olmo La Biciclissima\" \/>\n<meta property=\"og:description\" content=\"La Ducati City King iTorq \u00e8 una soluzione pratica ed elegante per muoversi con agilit\u00e0 in citt\u00e0. L&#8217;innovativo sistema &#8220;iTorq&#8221; \u00e8 facile da usare e molto intuitivo, il software infatti fornisce al motore il tipo di assistenza che pi\u00f9 si desidera, da una pedalata rilassante fino a quella scattante. L&#8217;autonomia della batteria \u00e8 di un ... Leggi tutto\" \/>\n<meta property=\"og:url\" content=\"https:\/\/olmogenova.com\/olmogenova-login\/tienda\/e-bike\/italwin-ducati-city-king\/\" \/>\n<meta property=\"og:site_name\" content=\"Olmo La Biciclissima\" \/>\n<meta property=\"article:modified_time\" content=\"2021-01-17T12:27:42+00:00\" \/>\n<meta property=\"og:image\" content=\"https:\/\/olmogenova.com\/wp-content\/uploads\/2017\/05\/Bici_ducati_city_king_Olmo.jpg\" \/>\n\t<meta property=\"og:image:width\" content=\"600\" \/>\n\t<meta property=\"og:image:height\" content=\"600\" \/>\n\t<meta property=\"og:image:type\" content=\"image\/jpeg\" \/>\n<meta name=\"twitter:card\" content=\"summary_large_image\" \/>\n<script type=\"application\/ld+json\" class=\"yoast-schema-graph\">{\"@context\":\"https:\/\/schema.org\",\"@graph\":[{\"@type\":\"WebSite\",\"@id\":\"https:\/\/olmogenova.com\/olmogenova-login\/#website\",\"url\":\"https:\/\/olmogenova.com\/olmogenova-login\/\",\"name\":\"Olmo La Biciclissima\",\"description\":\"Genova\",\"potentialAction\":[{\"@type\":\"SearchAction\",\"target\":{\"@type\":\"EntryPoint\",\"urlTemplate\":\"https:\/\/olmogenova.com\/olmogenova-login\/?s={search_term_string}\"},\"query-input\":\"required name=search_term_string\"}],\"inLanguage\":\"it-IT\"},{\"@type\":\"ImageObject\",\"@id\":\"https:\/\/olmogenova.com\/olmogenova-login\/tienda\/e-bike\/italwin-ducati-city-king\/#primaryimage\",\"inLanguage\":\"it-IT\",\"url\":\"https:\/\/olmogenova.com\/wp-content\/uploads\/2017\/05\/Bici_ducati_city_king_Olmo.jpg\",\"contentUrl\":\"https:\/\/olmogenova.com\/wp-content\/uploads\/2017\/05\/Bici_ducati_city_king_Olmo.jpg\",\"width\":600,\"height\":600,\"caption\":\"Bici_ducati_city_king_Olmo\"},{\"@type\":\"WebPage\",\"@id\":\"https:\/\/olmogenova.com\/olmogenova-login\/tienda\/e-bike\/italwin-ducati-city-king\/#webpage\",\"url\":\"https:\/\/olmogenova.com\/olmogenova-login\/tienda\/e-bike\/italwin-ducati-city-king\/\",\"name\":\"Italwin Ducati City King - Olmo La Biciclissima\",\"isPartOf\":{\"@id\":\"https:\/\/olmogenova.com\/olmogenova-login\/#website\"},\"primaryImageOfPage\":{\"@id\":\"https:\/\/olmogenova.com\/olmogenova-login\/tienda\/e-bike\/italwin-ducati-city-king\/#primaryimage\"},\"datePublished\":\"2021-01-17T12:27:40+00:00\",\"dateModified\":\"2021-01-17T12:27:42+00:00\",\"breadcrumb\":{\"@id\":\"https:\/\/olmogenova.com\/olmogenova-login\/tienda\/e-bike\/italwin-ducati-city-king\/#breadcrumb\"},\"inLanguage\":\"it-IT\",\"potentialAction\":[{\"@type\":\"ReadAction\",\"target\":[\"https:\/\/olmogenova.com\/olmogenova-login\/tienda\/e-bike\/italwin-ducati-city-king\/\"]}]},{\"@type\":\"BreadcrumbList\",\"@id\":\"https:\/\/olmogenova.com\/olmogenova-login\/tienda\/e-bike\/italwin-ducati-city-king\/#breadcrumb\",\"itemListElement\":[{\"@type\":\"ListItem\",\"position\":1,\"name\":\"Home\",\"item\":\"https:\/\/olmogenova.com\/olmogenova-login\/\"},{\"@type\":\"ListItem\",\"position\":2,\"name\":\"Tienda\",\"item\":\"https:\/\/olmogenova.com\/olmogenova-login\/tienda\/\"},{\"@type\":\"ListItem\",\"position\":3,\"name\":\"Italwin Ducati City King\"}]}]}<\/script>\n<!-- \/ Yoast SEO plugin. -->","yoast_head_json":{"title":"Italwin Ducati City King - Olmo La Biciclissima","robots":{"index":"index","follow":"follow","max-snippet":"max-snippet:-1","max-image-preview":"max-image-preview:large","max-video-preview":"max-video-preview:-1"},"canonical":"https:\/\/olmogenova.com\/olmogenova-login\/tienda\/e-bike\/italwin-ducati-city-king\/","og_locale":"it_IT","og_type":"article","og_title":"Italwin Ducati City King - Olmo La Biciclissima","og_description":"La Ducati City King iTorq \u00e8 una soluzione pratica ed elegante per muoversi con agilit\u00e0 in citt\u00e0. L&#8217;innovativo sistema &#8220;iTorq&#8221; \u00e8 facile da usare e molto intuitivo, il software infatti fornisce al motore il tipo di assistenza che pi\u00f9 si desidera, da una pedalata rilassante fino a quella scattante. L&#8217;autonomia della batteria \u00e8 di un ... Leggi tutto","og_url":"https:\/\/olmogenova.com\/olmogenova-login\/tienda\/e-bike\/italwin-ducati-city-king\/","og_site_name":"Olmo La Biciclissima","article_modified_time":"2021-01-17T12:27:42+00:00","og_image":[{"width":600,"height":600,"url":"https:\/\/olmogenova.com\/wp-content\/uploads\/2017\/05\/Bici_ducati_city_king_Olmo.jpg","type":"image\/jpeg"}],"twitter_card":"summary_large_image","schema":{"@context":"https:\/\/schema.org","@graph":[{"@type":"WebSite","@id":"https:\/\/olmogenova.com\/olmogenova-login\/#website","url":"https:\/\/olmogenova.com\/olmogenova-login\/","name":"Olmo La Biciclissima","description":"Genova","potentialAction":[{"@type":"SearchAction","target":{"@type":"EntryPoint","urlTemplate":"https:\/\/olmogenova.com\/olmogenova-login\/?s={search_term_string}"},"query-input":"required name=search_term_string"}],"inLanguage":"it-IT"},{"@type":"ImageObject","@id":"https:\/\/olmogenova.com\/olmogenova-login\/tienda\/e-bike\/italwin-ducati-city-king\/#primaryimage","inLanguage":"it-IT","url":"https:\/\/olmogenova.com\/wp-content\/uploads\/2017\/05\/Bici_ducati_city_king_Olmo.jpg","contentUrl":"https:\/\/olmogenova.com\/wp-content\/uploads\/2017\/05\/Bici_ducati_city_king_Olmo.jpg","width":600,"height":600,"caption":"Bici_ducati_city_king_Olmo"},{"@type":"WebPage","@id":"https:\/\/olmogenova.com\/olmogenova-login\/tienda\/e-bike\/italwin-ducati-city-king\/#webpage","url":"https:\/\/olmogenova.com\/olmogenova-login\/tienda\/e-bike\/italwin-ducati-city-king\/","name":"Italwin Ducati City King - Olmo La Biciclissima","isPartOf":{"@id":"https:\/\/olmogenova.com\/olmogenova-login\/#website"},"primaryImageOfPage":{"@id":"https:\/\/olmogenova.com\/olmogenova-login\/tienda\/e-bike\/italwin-ducati-city-king\/#primaryimage"},"datePublished":"2021-01-17T12:27:40+00:00","dateModified":"2021-01-17T12:27:42+00:00","breadcrumb":{"@id":"https:\/\/olmogenova.com\/olmogenova-login\/tienda\/e-bike\/italwin-ducati-city-king\/#breadcrumb"},"inLanguage":"it-IT","potentialAction":[{"@type":"ReadAction","target":["https:\/\/olmogenova.com\/olmogenova-login\/tienda\/e-bike\/italwin-ducati-city-king\/"]}]},{"@type":"BreadcrumbList","@id":"https:\/\/olmogenova.com\/olmogenova-login\/tienda\/e-bike\/italwin-ducati-city-king\/#breadcrumb","itemListElement":[{"@type":"ListItem","position":1,"name":"Home","item":"https:\/\/olmogenova.com\/olmogenova-login\/"},{"@type":"ListItem","position":2,"name":"Tienda","item":"https:\/\/olmogenova.com\/olmogenova-login\/tienda\/"},{"@type":"ListItem","position":3,"name":"Italwin Ducati City King"}]}]}},"_links":{"self":[{"href":"https:\/\/olmogenova.com\/olmogenova-login\/wp-json\/wp\/v2\/product\/8817"}],"collection":[{"href":"https:\/\/olmogenova.com\/olmogenova-login\/wp-json\/wp\/v2\/product"}],"about":[{"href":"https:\/\/olmogenova.com\/olmogenova-login\/wp-json\/wp\/v2\/types\/product"}],"version-history":[{"count":1,"href":"https:\/\/olmogenova.com\/olmogenova-login\/wp-json\/wp\/v2\/product\/8817\/revisions"}],"predecessor-version":[{"id":8842,"href":"https:\/\/olmogenova.com\/olmogenova-login\/wp-json\/wp\/v2\/product\/8817\/revisions\/8842"}],"wp:featuredmedia":[{"embeddable":true,"href":"https:\/\/olmogenova.com\/olmogenova-login\/wp-json\/wp\/v2\/media\/5529"}],"wp:attachment":[{"href":"https:\/\/olmogenova.com\/olmogenova-login\/wp-json\/wp\/v2\/media?parent=8817"}],"wp:term":[{"taxonomy":"product_cat","embeddable":true,"href":"https:\/\/olmogenova.com\/olmogenova-login\/wp-json\/wp\/v2\/product_cat?post=8817"},{"taxonomy":"product_tag","embeddable":true,"href":"https:\/\/olmogenova.com\/olmogenova-login\/wp-json\/wp\/v2\/product_tag?post=8817"}],"curies":[{"name":"wp","href":"https:\/\/api.w.org\/{rel}","templated":true}]}}