{"id":8823,"date":"2021-01-17T12:27:40","date_gmt":"2021-01-17T12:27:40","guid":{"rendered":"https:\/\/olmogenova.com\/prodotto\/import-placeholder-for-7514\/"},"modified":"2021-01-17T12:27:42","modified_gmt":"2021-01-17T12:27:42","slug":"campagnolo-gruppo-super-record-11v","status":"publish","type":"product","link":"https:\/\/olmogenova.com\/olmogenova-login\/tienda\/accessori\/campagnolo-gruppo-super-record-11v\/","title":{"rendered":"Campagnolo Gruppo SUPER RECORD 11V"},"content":{"rendered":"<p>Per oltre 80 anni Campagnolo ha ricercato, sviluppato, testato e prodotto una serie di soluzioni innovative per innalzare sempre di pi\u00f9 il limite di ci\u00f2 che \u00e8 possibile ottenere nel campo dei gruppi meccanici per biciclette da corsa. Il limite attuale pu\u00f2 essere sintetizzato in due parole: SUPER RECORD.<\/p>\n<p>Con la gamma 2015 Campagnolo presenta il nuovo gruppo Super Record, ovvero la massima espressione evolutiva e tecnologica di una trasmissione meccanica per bicicletta da corsa.<br \/>\nSuper Record \u00e8 dunque il gruppo di riferimento che, per materiali e prestazioni, non pu\u00f2 essere paragonato a nulla di esistente.<\/p>\n<p>Ogni componente della trasmissione \u00e8 stato completamente ripensato sia nel design che nella funzionalit\u00e0 mirando al massimo delle prestazioni.<br \/>\nCarbonio, titanio, leggerezza, silenziosit\u00e0, design, esclusivit\u00e0, sono gli ingredienti per prestazioni e sensazioni uniche mai provate.<\/p>\n","protected":false},"excerpt":{"rendered":"<p>Per oltre 80 anni Campagnolo ha ricercato, sviluppato, testato e prodotto una serie di soluzioni innovative per innalzare sempre di pi\u00f9 il limite di ci\u00f2 che \u00e8 possibile ottenere nel campo dei gruppi meccanici per biciclette da corsa. Il limite attuale pu\u00f2 essere sintetizzato in due parole: SUPER RECORD. Con la gamma 2015 Campagnolo presenta &#8230; <a title=\"Campagnolo Gruppo SUPER RECORD 11V\" class=\"read-more\" href=\"https:\/\/olmogenova.com\/olmogenova-login\/tienda\/accessori\/campagnolo-gruppo-super-record-11v\/\" aria-label=\"Leggi di pi\u00f9 su Campagnolo Gruppo SUPER RECORD 11V\">Leggi tutto<\/a><\/p>\n","protected":false},"featured_media":5581,"template":"","meta":[],"product_cat":[92],"product_tag":[],"yoast_head":"<!-- This site is optimized with the Yoast SEO plugin v18.3 - https:\/\/yoast.com\/wordpress\/plugins\/seo\/ -->\n<title>Campagnolo Gruppo SUPER RECORD 11V - Olmo La Biciclissima<\/title>\n<meta name=\"robots\" content=\"index, follow, max-snippet:-1, max-image-preview:large, max-video-preview:-1\" \/>\n<link rel=\"canonical\" href=\"https:\/\/olmogenova.com\/olmogenova-login\/tienda\/accessori\/campagnolo-gruppo-super-record-11v\/\" \/>\n<meta property=\"og:locale\" content=\"it_IT\" \/>\n<meta property=\"og:type\" content=\"article\" \/>\n<meta property=\"og:title\" content=\"Campagnolo Gruppo SUPER RECORD 11V - Olmo La Biciclissima\" \/>\n<meta property=\"og:description\" content=\"Per oltre 80 anni Campagnolo ha ricercato, sviluppato, testato e prodotto una serie di soluzioni innovative per innalzare sempre di pi\u00f9 il limite di ci\u00f2 che \u00e8 possibile ottenere nel campo dei gruppi meccanici per biciclette da corsa. Il limite attuale pu\u00f2 essere sintetizzato in due parole: SUPER RECORD. Con la gamma 2015 Campagnolo presenta ... Leggi tutto\" \/>\n<meta property=\"og:url\" content=\"https:\/\/olmogenova.com\/olmogenova-login\/tienda\/accessori\/campagnolo-gruppo-super-record-11v\/\" \/>\n<meta property=\"og:site_name\" content=\"Olmo La Biciclissima\" \/>\n<meta property=\"article:modified_time\" content=\"2021-01-17T12:27:42+00:00\" \/>\n<meta property=\"og:image\" content=\"https:\/\/olmogenova.com\/wp-content\/uploads\/2017\/05\/accessori_campagnolo_gruppo_super_record_Olmo.jpg\" \/>\n\t<meta property=\"og:image:width\" content=\"600\" \/>\n\t<meta property=\"og:image:height\" content=\"600\" \/>\n\t<meta property=\"og:image:type\" content=\"image\/jpeg\" \/>\n<meta name=\"twitter:card\" content=\"summary_large_image\" \/>\n<meta name=\"twitter:label1\" content=\"Tempo di lettura stimato\" \/>\n\t<meta name=\"twitter:data1\" content=\"1 minuto\" \/>\n<script type=\"application\/ld+json\" class=\"yoast-schema-graph\">{\"@context\":\"https:\/\/schema.org\",\"@graph\":[{\"@type\":\"WebSite\",\"@id\":\"https:\/\/olmogenova.com\/olmogenova-login\/#website\",\"url\":\"https:\/\/olmogenova.com\/olmogenova-login\/\",\"name\":\"Olmo La Biciclissima\",\"description\":\"Genova\",\"potentialAction\":[{\"@type\":\"SearchAction\",\"target\":{\"@type\":\"EntryPoint\",\"urlTemplate\":\"https:\/\/olmogenova.com\/olmogenova-login\/?s={search_term_string}\"},\"query-input\":\"required name=search_term_string\"}],\"inLanguage\":\"it-IT\"},{\"@type\":\"ImageObject\",\"@id\":\"https:\/\/olmogenova.com\/olmogenova-login\/tienda\/accessori\/campagnolo-gruppo-super-record-11v\/#primaryimage\",\"inLanguage\":\"it-IT\",\"url\":\"https:\/\/olmogenova.com\/wp-content\/uploads\/2017\/05\/accessori_campagnolo_gruppo_super_record_Olmo.jpg\",\"contentUrl\":\"https:\/\/olmogenova.com\/wp-content\/uploads\/2017\/05\/accessori_campagnolo_gruppo_super_record_Olmo.jpg\",\"width\":600,\"height\":600,\"caption\":\"accessori_campagnolo_gruppo_super_record_Olmo\"},{\"@type\":\"WebPage\",\"@id\":\"https:\/\/olmogenova.com\/olmogenova-login\/tienda\/accessori\/campagnolo-gruppo-super-record-11v\/#webpage\",\"url\":\"https:\/\/olmogenova.com\/olmogenova-login\/tienda\/accessori\/campagnolo-gruppo-super-record-11v\/\",\"name\":\"Campagnolo Gruppo SUPER RECORD 11V - Olmo La Biciclissima\",\"isPartOf\":{\"@id\":\"https:\/\/olmogenova.com\/olmogenova-login\/#website\"},\"primaryImageOfPage\":{\"@id\":\"https:\/\/olmogenova.com\/olmogenova-login\/tienda\/accessori\/campagnolo-gruppo-super-record-11v\/#primaryimage\"},\"datePublished\":\"2021-01-17T12:27:40+00:00\",\"dateModified\":\"2021-01-17T12:27:42+00:00\",\"breadcrumb\":{\"@id\":\"https:\/\/olmogenova.com\/olmogenova-login\/tienda\/accessori\/campagnolo-gruppo-super-record-11v\/#breadcrumb\"},\"inLanguage\":\"it-IT\",\"potentialAction\":[{\"@type\":\"ReadAction\",\"target\":[\"https:\/\/olmogenova.com\/olmogenova-login\/tienda\/accessori\/campagnolo-gruppo-super-record-11v\/\"]}]},{\"@type\":\"BreadcrumbList\",\"@id\":\"https:\/\/olmogenova.com\/olmogenova-login\/tienda\/accessori\/campagnolo-gruppo-super-record-11v\/#breadcrumb\",\"itemListElement\":[{\"@type\":\"ListItem\",\"position\":1,\"name\":\"Home\",\"item\":\"https:\/\/olmogenova.com\/olmogenova-login\/\"},{\"@type\":\"ListItem\",\"position\":2,\"name\":\"Tienda\",\"item\":\"https:\/\/olmogenova.com\/olmogenova-login\/tienda\/\"},{\"@type\":\"ListItem\",\"position\":3,\"name\":\"Campagnolo Gruppo SUPER RECORD 11V\"}]}]}<\/script>\n<!-- \/ Yoast SEO plugin. -->","yoast_head_json":{"title":"Campagnolo Gruppo SUPER RECORD 11V - Olmo La Biciclissima","robots":{"index":"index","follow":"follow","max-snippet":"max-snippet:-1","max-image-preview":"max-image-preview:large","max-video-preview":"max-video-preview:-1"},"canonical":"https:\/\/olmogenova.com\/olmogenova-login\/tienda\/accessori\/campagnolo-gruppo-super-record-11v\/","og_locale":"it_IT","og_type":"article","og_title":"Campagnolo Gruppo SUPER RECORD 11V - Olmo La Biciclissima","og_description":"Per oltre 80 anni Campagnolo ha ricercato, sviluppato, testato e prodotto una serie di soluzioni innovative per innalzare sempre di pi\u00f9 il limite di ci\u00f2 che \u00e8 possibile ottenere nel campo dei gruppi meccanici per biciclette da corsa. Il limite attuale pu\u00f2 essere sintetizzato in due parole: SUPER RECORD. Con la gamma 2015 Campagnolo presenta ... Leggi tutto","og_url":"https:\/\/olmogenova.com\/olmogenova-login\/tienda\/accessori\/campagnolo-gruppo-super-record-11v\/","og_site_name":"Olmo La Biciclissima","article_modified_time":"2021-01-17T12:27:42+00:00","og_image":[{"width":600,"height":600,"url":"https:\/\/olmogenova.com\/wp-content\/uploads\/2017\/05\/accessori_campagnolo_gruppo_super_record_Olmo.jpg","type":"image\/jpeg"}],"twitter_card":"summary_large_image","twitter_misc":{"Tempo di lettura stimato":"1 minuto"},"schema":{"@context":"https:\/\/schema.org","@graph":[{"@type":"WebSite","@id":"https:\/\/olmogenova.com\/olmogenova-login\/#website","url":"https:\/\/olmogenova.com\/olmogenova-login\/","name":"Olmo La Biciclissima","description":"Genova","potentialAction":[{"@type":"SearchAction","target":{"@type":"EntryPoint","urlTemplate":"https:\/\/olmogenova.com\/olmogenova-login\/?s={search_term_string}"},"query-input":"required name=search_term_string"}],"inLanguage":"it-IT"},{"@type":"ImageObject","@id":"https:\/\/olmogenova.com\/olmogenova-login\/tienda\/accessori\/campagnolo-gruppo-super-record-11v\/#primaryimage","inLanguage":"it-IT","url":"https:\/\/olmogenova.com\/wp-content\/uploads\/2017\/05\/accessori_campagnolo_gruppo_super_record_Olmo.jpg","contentUrl":"https:\/\/olmogenova.com\/wp-content\/uploads\/2017\/05\/accessori_campagnolo_gruppo_super_record_Olmo.jpg","width":600,"height":600,"caption":"accessori_campagnolo_gruppo_super_record_Olmo"},{"@type":"WebPage","@id":"https:\/\/olmogenova.com\/olmogenova-login\/tienda\/accessori\/campagnolo-gruppo-super-record-11v\/#webpage","url":"https:\/\/olmogenova.com\/olmogenova-login\/tienda\/accessori\/campagnolo-gruppo-super-record-11v\/","name":"Campagnolo Gruppo SUPER RECORD 11V - Olmo La Biciclissima","isPartOf":{"@id":"https:\/\/olmogenova.com\/olmogenova-login\/#website"},"primaryImageOfPage":{"@id":"https:\/\/olmogenova.com\/olmogenova-login\/tienda\/accessori\/campagnolo-gruppo-super-record-11v\/#primaryimage"},"datePublished":"2021-01-17T12:27:40+00:00","dateModified":"2021-01-17T12:27:42+00:00","breadcrumb":{"@id":"https:\/\/olmogenova.com\/olmogenova-login\/tienda\/accessori\/campagnolo-gruppo-super-record-11v\/#breadcrumb"},"inLanguage":"it-IT","potentialAction":[{"@type":"ReadAction","target":["https:\/\/olmogenova.com\/olmogenova-login\/tienda\/accessori\/campagnolo-gruppo-super-record-11v\/"]}]},{"@type":"BreadcrumbList","@id":"https:\/\/olmogenova.com\/olmogenova-login\/tienda\/accessori\/campagnolo-gruppo-super-record-11v\/#breadcrumb","itemListElement":[{"@type":"ListItem","position":1,"name":"Home","item":"https:\/\/olmogenova.com\/olmogenova-login\/"},{"@type":"ListItem","position":2,"name":"Tienda","item":"https:\/\/olmogenova.com\/olmogenova-login\/tienda\/"},{"@type":"ListItem","position":3,"name":"Campagnolo Gruppo SUPER RECORD 11V"}]}]}},"_links":{"self":[{"href":"https:\/\/olmogenova.com\/olmogenova-login\/wp-json\/wp\/v2\/product\/8823"}],"collection":[{"href":"https:\/\/olmogenova.com\/olmogenova-login\/wp-json\/wp\/v2\/product"}],"about":[{"href":"https:\/\/olmogenova.com\/olmogenova-login\/wp-json\/wp\/v2\/types\/product"}],"version-history":[{"count":1,"href":"https:\/\/olmogenova.com\/olmogenova-login\/wp-json\/wp\/v2\/product\/8823\/revisions"}],"predecessor-version":[{"id":8848,"href":"https:\/\/olmogenova.com\/olmogenova-login\/wp-json\/wp\/v2\/product\/8823\/revisions\/8848"}],"wp:featuredmedia":[{"embeddable":true,"href":"https:\/\/olmogenova.com\/olmogenova-login\/wp-json\/wp\/v2\/media\/5581"}],"wp:attachment":[{"href":"https:\/\/olmogenova.com\/olmogenova-login\/wp-json\/wp\/v2\/media?parent=8823"}],"wp:term":[{"taxonomy":"product_cat","embeddable":true,"href":"https:\/\/olmogenova.com\/olmogenova-login\/wp-json\/wp\/v2\/product_cat?post=8823"},{"taxonomy":"product_tag","embeddable":true,"href":"https:\/\/olmogenova.com\/olmogenova-login\/wp-json\/wp\/v2\/product_tag?post=8823"}],"curies":[{"name":"wp","href":"https:\/\/api.w.org\/{rel}","templated":true}]}}