{"id":8827,"date":"2021-01-17T12:27:40","date_gmt":"2021-01-17T12:27:40","guid":{"rendered":"https:\/\/olmogenova.com\/prodotto\/import-placeholder-for-7518\/"},"modified":"2021-01-17T12:27:43","modified_gmt":"2021-01-17T12:27:43","slug":"fulcrum-racing-zero-competition","status":"publish","type":"product","link":"https:\/\/olmogenova.com\/olmogenova-login\/tienda\/accessori\/fulcrum-racing-zero-competition\/","title":{"rendered":"FULCRUM RACING ZERO Competition"},"content":{"rendered":"<p>La Racing Zero Fulcrum \u00e8 stata una pietra miliare nel mondo delle ruote ad alte prestazioni e la performance e l\u2019affidabilit\u00e0 universalmente apprezzate per le quali \u00e8 diventata cos\u00ec famosa hanno spinto i tecnici della sede centrale a sviluppare diverse varianti di questa ruota cos\u00ec riuscita. Le prestazioni della Racing Zero sono diventate il comun denominatore di una gamma sempre pi\u00f9 ampia di modelli: prima tra tutte, la versione Racing Zero Nite, con la sua finitura nera ultramoderna che migliora anche le prestazioni di frenata, seguita dalla versione Racing Zero Carbon, che ha introdotto quello che \u00e8 forse il primo cerchio in carbonio abbinato a raggi in alluminio nel mercato del ciclismo. Una Zero, poi due. Dopo l\u2019aggiunta di una terza, ora Fulcrum \u00e8 lieta di presentare il quarto membro della famiglia: la RACING ZERO COMPETIZIONE, che costituisce un\u2019alternativa dalle prestazioni estreme a una serie gi\u00e0 ricchissima di elementi molto performanti.<\/p>\n","protected":false},"excerpt":{"rendered":"<p>La Racing Zero Fulcrum \u00e8 stata una pietra miliare nel mondo delle ruote ad alte prestazioni e la performance e l\u2019affidabilit\u00e0 universalmente apprezzate per le quali \u00e8 diventata cos\u00ec famosa hanno spinto i tecnici della sede centrale a sviluppare diverse varianti di questa ruota cos\u00ec riuscita. Le prestazioni della Racing Zero sono diventate il comun &#8230; <a title=\"FULCRUM RACING ZERO Competition\" class=\"read-more\" href=\"https:\/\/olmogenova.com\/olmogenova-login\/tienda\/accessori\/fulcrum-racing-zero-competition\/\" aria-label=\"Leggi di pi\u00f9 su FULCRUM RACING ZERO Competition\">Leggi tutto<\/a><\/p>\n","protected":false},"featured_media":5856,"template":"","meta":[],"product_cat":[92],"product_tag":[],"yoast_head":"<!-- This site is optimized with the Yoast SEO plugin v18.3 - https:\/\/yoast.com\/wordpress\/plugins\/seo\/ -->\n<title>FULCRUM RACING ZERO Competition - Olmo La Biciclissima<\/title>\n<meta name=\"robots\" content=\"index, follow, max-snippet:-1, max-image-preview:large, max-video-preview:-1\" \/>\n<link rel=\"canonical\" href=\"https:\/\/olmogenova.com\/olmogenova-login\/tienda\/accessori\/fulcrum-racing-zero-competition\/\" \/>\n<meta property=\"og:locale\" content=\"it_IT\" \/>\n<meta property=\"og:type\" content=\"article\" \/>\n<meta property=\"og:title\" content=\"FULCRUM RACING ZERO Competition - Olmo La Biciclissima\" \/>\n<meta property=\"og:description\" content=\"La Racing Zero Fulcrum \u00e8 stata una pietra miliare nel mondo delle ruote ad alte prestazioni e la performance e l\u2019affidabilit\u00e0 universalmente apprezzate per le quali \u00e8 diventata cos\u00ec famosa hanno spinto i tecnici della sede centrale a sviluppare diverse varianti di questa ruota cos\u00ec riuscita. Le prestazioni della Racing Zero sono diventate il comun ... Leggi tutto\" \/>\n<meta property=\"og:url\" content=\"https:\/\/olmogenova.com\/olmogenova-login\/tienda\/accessori\/fulcrum-racing-zero-competition\/\" \/>\n<meta property=\"og:site_name\" content=\"Olmo La Biciclissima\" \/>\n<meta property=\"article:modified_time\" content=\"2021-01-17T12:27:43+00:00\" \/>\n<meta property=\"og:image\" content=\"https:\/\/olmogenova.com\/wp-content\/uploads\/2017\/05\/Fulcrum_Racing_Zero_Competizione_Olmo_La_Biciclissima.jpg\" \/>\n\t<meta property=\"og:image:width\" content=\"600\" \/>\n\t<meta property=\"og:image:height\" content=\"600\" \/>\n\t<meta property=\"og:image:type\" content=\"image\/jpeg\" \/>\n<meta name=\"twitter:card\" content=\"summary_large_image\" \/>\n<meta name=\"twitter:label1\" content=\"Tempo di lettura stimato\" \/>\n\t<meta name=\"twitter:data1\" content=\"1 minuto\" \/>\n<script type=\"application\/ld+json\" class=\"yoast-schema-graph\">{\"@context\":\"https:\/\/schema.org\",\"@graph\":[{\"@type\":\"WebSite\",\"@id\":\"https:\/\/olmogenova.com\/olmogenova-login\/#website\",\"url\":\"https:\/\/olmogenova.com\/olmogenova-login\/\",\"name\":\"Olmo La Biciclissima\",\"description\":\"Genova\",\"potentialAction\":[{\"@type\":\"SearchAction\",\"target\":{\"@type\":\"EntryPoint\",\"urlTemplate\":\"https:\/\/olmogenova.com\/olmogenova-login\/?s={search_term_string}\"},\"query-input\":\"required name=search_term_string\"}],\"inLanguage\":\"it-IT\"},{\"@type\":\"ImageObject\",\"@id\":\"https:\/\/olmogenova.com\/olmogenova-login\/tienda\/accessori\/fulcrum-racing-zero-competition\/#primaryimage\",\"inLanguage\":\"it-IT\",\"url\":\"https:\/\/olmogenova.com\/wp-content\/uploads\/2017\/05\/Fulcrum_Racing_Zero_Competizione_Olmo_La_Biciclissima.jpg\",\"contentUrl\":\"https:\/\/olmogenova.com\/wp-content\/uploads\/2017\/05\/Fulcrum_Racing_Zero_Competizione_Olmo_La_Biciclissima.jpg\",\"width\":600,\"height\":600,\"caption\":\"Fulcrum_Racing_Zero_Competizione_Olmo_La_Biciclissima\"},{\"@type\":\"WebPage\",\"@id\":\"https:\/\/olmogenova.com\/olmogenova-login\/tienda\/accessori\/fulcrum-racing-zero-competition\/#webpage\",\"url\":\"https:\/\/olmogenova.com\/olmogenova-login\/tienda\/accessori\/fulcrum-racing-zero-competition\/\",\"name\":\"FULCRUM RACING ZERO Competition - Olmo La Biciclissima\",\"isPartOf\":{\"@id\":\"https:\/\/olmogenova.com\/olmogenova-login\/#website\"},\"primaryImageOfPage\":{\"@id\":\"https:\/\/olmogenova.com\/olmogenova-login\/tienda\/accessori\/fulcrum-racing-zero-competition\/#primaryimage\"},\"datePublished\":\"2021-01-17T12:27:40+00:00\",\"dateModified\":\"2021-01-17T12:27:43+00:00\",\"breadcrumb\":{\"@id\":\"https:\/\/olmogenova.com\/olmogenova-login\/tienda\/accessori\/fulcrum-racing-zero-competition\/#breadcrumb\"},\"inLanguage\":\"it-IT\",\"potentialAction\":[{\"@type\":\"ReadAction\",\"target\":[\"https:\/\/olmogenova.com\/olmogenova-login\/tienda\/accessori\/fulcrum-racing-zero-competition\/\"]}]},{\"@type\":\"BreadcrumbList\",\"@id\":\"https:\/\/olmogenova.com\/olmogenova-login\/tienda\/accessori\/fulcrum-racing-zero-competition\/#breadcrumb\",\"itemListElement\":[{\"@type\":\"ListItem\",\"position\":1,\"name\":\"Home\",\"item\":\"https:\/\/olmogenova.com\/olmogenova-login\/\"},{\"@type\":\"ListItem\",\"position\":2,\"name\":\"Tienda\",\"item\":\"https:\/\/olmogenova.com\/olmogenova-login\/tienda\/\"},{\"@type\":\"ListItem\",\"position\":3,\"name\":\"FULCRUM RACING ZERO Competition\"}]}]}<\/script>\n<!-- \/ Yoast SEO plugin. -->","yoast_head_json":{"title":"FULCRUM RACING ZERO Competition - Olmo La Biciclissima","robots":{"index":"index","follow":"follow","max-snippet":"max-snippet:-1","max-image-preview":"max-image-preview:large","max-video-preview":"max-video-preview:-1"},"canonical":"https:\/\/olmogenova.com\/olmogenova-login\/tienda\/accessori\/fulcrum-racing-zero-competition\/","og_locale":"it_IT","og_type":"article","og_title":"FULCRUM RACING ZERO Competition - Olmo La Biciclissima","og_description":"La Racing Zero Fulcrum \u00e8 stata una pietra miliare nel mondo delle ruote ad alte prestazioni e la performance e l\u2019affidabilit\u00e0 universalmente apprezzate per le quali \u00e8 diventata cos\u00ec famosa hanno spinto i tecnici della sede centrale a sviluppare diverse varianti di questa ruota cos\u00ec riuscita. Le prestazioni della Racing Zero sono diventate il comun ... Leggi tutto","og_url":"https:\/\/olmogenova.com\/olmogenova-login\/tienda\/accessori\/fulcrum-racing-zero-competition\/","og_site_name":"Olmo La Biciclissima","article_modified_time":"2021-01-17T12:27:43+00:00","og_image":[{"width":600,"height":600,"url":"https:\/\/olmogenova.com\/wp-content\/uploads\/2017\/05\/Fulcrum_Racing_Zero_Competizione_Olmo_La_Biciclissima.jpg","type":"image\/jpeg"}],"twitter_card":"summary_large_image","twitter_misc":{"Tempo di lettura stimato":"1 minuto"},"schema":{"@context":"https:\/\/schema.org","@graph":[{"@type":"WebSite","@id":"https:\/\/olmogenova.com\/olmogenova-login\/#website","url":"https:\/\/olmogenova.com\/olmogenova-login\/","name":"Olmo La Biciclissima","description":"Genova","potentialAction":[{"@type":"SearchAction","target":{"@type":"EntryPoint","urlTemplate":"https:\/\/olmogenova.com\/olmogenova-login\/?s={search_term_string}"},"query-input":"required name=search_term_string"}],"inLanguage":"it-IT"},{"@type":"ImageObject","@id":"https:\/\/olmogenova.com\/olmogenova-login\/tienda\/accessori\/fulcrum-racing-zero-competition\/#primaryimage","inLanguage":"it-IT","url":"https:\/\/olmogenova.com\/wp-content\/uploads\/2017\/05\/Fulcrum_Racing_Zero_Competizione_Olmo_La_Biciclissima.jpg","contentUrl":"https:\/\/olmogenova.com\/wp-content\/uploads\/2017\/05\/Fulcrum_Racing_Zero_Competizione_Olmo_La_Biciclissima.jpg","width":600,"height":600,"caption":"Fulcrum_Racing_Zero_Competizione_Olmo_La_Biciclissima"},{"@type":"WebPage","@id":"https:\/\/olmogenova.com\/olmogenova-login\/tienda\/accessori\/fulcrum-racing-zero-competition\/#webpage","url":"https:\/\/olmogenova.com\/olmogenova-login\/tienda\/accessori\/fulcrum-racing-zero-competition\/","name":"FULCRUM RACING ZERO Competition - Olmo La Biciclissima","isPartOf":{"@id":"https:\/\/olmogenova.com\/olmogenova-login\/#website"},"primaryImageOfPage":{"@id":"https:\/\/olmogenova.com\/olmogenova-login\/tienda\/accessori\/fulcrum-racing-zero-competition\/#primaryimage"},"datePublished":"2021-01-17T12:27:40+00:00","dateModified":"2021-01-17T12:27:43+00:00","breadcrumb":{"@id":"https:\/\/olmogenova.com\/olmogenova-login\/tienda\/accessori\/fulcrum-racing-zero-competition\/#breadcrumb"},"inLanguage":"it-IT","potentialAction":[{"@type":"ReadAction","target":["https:\/\/olmogenova.com\/olmogenova-login\/tienda\/accessori\/fulcrum-racing-zero-competition\/"]}]},{"@type":"BreadcrumbList","@id":"https:\/\/olmogenova.com\/olmogenova-login\/tienda\/accessori\/fulcrum-racing-zero-competition\/#breadcrumb","itemListElement":[{"@type":"ListItem","position":1,"name":"Home","item":"https:\/\/olmogenova.com\/olmogenova-login\/"},{"@type":"ListItem","position":2,"name":"Tienda","item":"https:\/\/olmogenova.com\/olmogenova-login\/tienda\/"},{"@type":"ListItem","position":3,"name":"FULCRUM RACING ZERO Competition"}]}]}},"_links":{"self":[{"href":"https:\/\/olmogenova.com\/olmogenova-login\/wp-json\/wp\/v2\/product\/8827"}],"collection":[{"href":"https:\/\/olmogenova.com\/olmogenova-login\/wp-json\/wp\/v2\/product"}],"about":[{"href":"https:\/\/olmogenova.com\/olmogenova-login\/wp-json\/wp\/v2\/types\/product"}],"version-history":[{"count":1,"href":"https:\/\/olmogenova.com\/olmogenova-login\/wp-json\/wp\/v2\/product\/8827\/revisions"}],"predecessor-version":[{"id":8852,"href":"https:\/\/olmogenova.com\/olmogenova-login\/wp-json\/wp\/v2\/product\/8827\/revisions\/8852"}],"wp:featuredmedia":[{"embeddable":true,"href":"https:\/\/olmogenova.com\/olmogenova-login\/wp-json\/wp\/v2\/media\/5856"}],"wp:attachment":[{"href":"https:\/\/olmogenova.com\/olmogenova-login\/wp-json\/wp\/v2\/media?parent=8827"}],"wp:term":[{"taxonomy":"product_cat","embeddable":true,"href":"https:\/\/olmogenova.com\/olmogenova-login\/wp-json\/wp\/v2\/product_cat?post=8827"},{"taxonomy":"product_tag","embeddable":true,"href":"https:\/\/olmogenova.com\/olmogenova-login\/wp-json\/wp\/v2\/product_tag?post=8827"}],"curies":[{"name":"wp","href":"https:\/\/api.w.org\/{rel}","templated":true}]}}