{"id":8838,"date":"2021-01-17T12:27:41","date_gmt":"2021-01-17T12:27:41","guid":{"rendered":"https:\/\/olmogenova.com\/prodotto\/import-placeholder-for-7529\/"},"modified":"2021-01-17T12:27:44","modified_gmt":"2021-01-17T12:27:44","slug":"scarpe-g-chrono-composite-carbon","status":"publish","type":"product","link":"https:\/\/olmogenova.com\/olmogenova-login\/tienda\/cycling-apparel\/scarpe-g-chrono-composite-carbon\/","title":{"rendered":"Scarpe G.CHRONO &#8211; COMPOSITE CARBON"},"content":{"rendered":"<div><\/div>\n<div class=\"row bmargin30\">MODELLI:<\/div>\n<ul>\n<li class=\"row bmargin30\"><strong><strong>3603-003 G.CHRONO<br \/>\n<\/strong><\/strong>EPS light weight &#8211; full &#8211; carbon sole<\/li>\n<li><strong>3604-003 COMPOSITE CARBON G.CHRONO<br \/>\n<\/strong>EPS composite &#8211; carbon sole<strong><br \/>\n<\/strong><\/li>\n<\/ul>\n<p>&nbsp;<\/p>\n<p>&nbsp;<\/p>\n<div class=\"row bmargin30\"><strong>Scarpe 3604-003 COMPOSITE CARBON G.CHRONO<\/strong><\/div>\n<div class=\"row bmargin30\">Scarpe Gaerne Chrono Composite Carbon con suola in fibra di carbonio studiate fino al pi\u00f9 piccolo dettaglio per compiere le aspettative dei ciclisti pi\u00f9 esigenti. Questa scarpa da ciclismo \u00e8 molto leggera e non ha punti di tensione grazie all&#8217;innovativo sistema di chiusura brevettato BOA L5 costituito da due rotelle micro-regolabili con cavo d&#8217;acciaio che garantisce precisione, durabilit\u00e0 e comfort. La combinazione di questi elementi permette al ciclista di ottenere un sostegno uniforme e, per via dell&#8217;assenza di strisce di velcro, permette anche una maggiore circolazione dell&#8217;aria nella parte anteriore del piede.<\/div>\n<div class=\"row bmargin30\"><\/div>\n<div class=\"row bmargin30\">EPS COMPOSITE CARBON SOLE<br \/>\nNuova suola di carbonio composite con una struttura in fibra di carbonio sovrainiettata nella parte centrale che garantisce rigidit\u00e0 e leggerezza. Questa suola ultrasottile diminuisce la distanza tra il piede e il pedale, in modo che la pedalata sfrutti tutta l&#8217;energia. Degli inserti in gomma antiscivolo sulle estremit[a anteriori e posteriori della suola garantiscono sicurezza nella camminata. La suola \u00e8 compatibile con la maggior parte dei sistemi di pedale disponibili sul mercato.<\/div>\n","protected":false},"excerpt":{"rendered":"<p>MODELLI: 3603-003 G.CHRONO EPS light weight &#8211; full &#8211; carbon sole 3604-003 COMPOSITE CARBON G.CHRONO EPS composite &#8211; carbon sole &nbsp; &nbsp; Scarpe 3604-003 COMPOSITE CARBON G.CHRONO Scarpe Gaerne Chrono Composite Carbon con suola in fibra di carbonio studiate fino al pi\u00f9 piccolo dettaglio per compiere le aspettative dei ciclisti pi\u00f9 esigenti. Questa scarpa da &#8230; <a title=\"Scarpe G.CHRONO &#8211; COMPOSITE CARBON\" class=\"read-more\" href=\"https:\/\/olmogenova.com\/olmogenova-login\/tienda\/cycling-apparel\/scarpe-g-chrono-composite-carbon\/\" aria-label=\"Leggi di pi\u00f9 su Scarpe G.CHRONO &#8211; COMPOSITE CARBON\">Leggi tutto<\/a><\/p>\n","protected":false},"featured_media":5917,"template":"","meta":[],"product_cat":[91],"product_tag":[],"yoast_head":"<!-- This site is optimized with the Yoast SEO plugin v18.3 - https:\/\/yoast.com\/wordpress\/plugins\/seo\/ -->\n<title>Scarpe G.CHRONO - COMPOSITE CARBON - Olmo La Biciclissima<\/title>\n<meta name=\"robots\" content=\"index, follow, max-snippet:-1, max-image-preview:large, max-video-preview:-1\" \/>\n<link rel=\"canonical\" href=\"https:\/\/olmogenova.com\/olmogenova-login\/tienda\/cycling-apparel\/scarpe-g-chrono-composite-carbon\/\" \/>\n<meta property=\"og:locale\" content=\"it_IT\" \/>\n<meta property=\"og:type\" content=\"article\" \/>\n<meta property=\"og:title\" content=\"Scarpe G.CHRONO - COMPOSITE CARBON - Olmo La Biciclissima\" \/>\n<meta property=\"og:description\" content=\"MODELLI: 3603-003 G.CHRONO EPS light weight &#8211; full &#8211; carbon sole 3604-003 COMPOSITE CARBON G.CHRONO EPS composite &#8211; carbon sole &nbsp; &nbsp; Scarpe 3604-003 COMPOSITE CARBON G.CHRONO Scarpe Gaerne Chrono Composite Carbon con suola in fibra di carbonio studiate fino al pi\u00f9 piccolo dettaglio per compiere le aspettative dei ciclisti pi\u00f9 esigenti. Questa scarpa da ... Leggi tutto\" \/>\n<meta property=\"og:url\" content=\"https:\/\/olmogenova.com\/olmogenova-login\/tienda\/cycling-apparel\/scarpe-g-chrono-composite-carbon\/\" \/>\n<meta property=\"og:site_name\" content=\"Olmo La Biciclissima\" \/>\n<meta property=\"article:modified_time\" content=\"2021-01-17T12:27:44+00:00\" \/>\n<meta property=\"og:image\" content=\"https:\/\/olmogenova.com\/wp-content\/uploads\/2017\/05\/scarpe_gearne_composite_carbon_g.chrono_Olmo.jpg\" \/>\n\t<meta property=\"og:image:width\" content=\"600\" \/>\n\t<meta property=\"og:image:height\" content=\"600\" \/>\n\t<meta property=\"og:image:type\" content=\"image\/jpeg\" \/>\n<meta name=\"twitter:card\" content=\"summary_large_image\" \/>\n<meta name=\"twitter:label1\" content=\"Tempo di lettura stimato\" \/>\n\t<meta name=\"twitter:data1\" content=\"1 minuto\" \/>\n<script type=\"application\/ld+json\" class=\"yoast-schema-graph\">{\"@context\":\"https:\/\/schema.org\",\"@graph\":[{\"@type\":\"WebSite\",\"@id\":\"https:\/\/olmogenova.com\/olmogenova-login\/#website\",\"url\":\"https:\/\/olmogenova.com\/olmogenova-login\/\",\"name\":\"Olmo La Biciclissima\",\"description\":\"Genova\",\"potentialAction\":[{\"@type\":\"SearchAction\",\"target\":{\"@type\":\"EntryPoint\",\"urlTemplate\":\"https:\/\/olmogenova.com\/olmogenova-login\/?s={search_term_string}\"},\"query-input\":\"required name=search_term_string\"}],\"inLanguage\":\"it-IT\"},{\"@type\":\"ImageObject\",\"@id\":\"https:\/\/olmogenova.com\/olmogenova-login\/tienda\/cycling-apparel\/scarpe-g-chrono-composite-carbon\/#primaryimage\",\"inLanguage\":\"it-IT\",\"url\":\"https:\/\/olmogenova.com\/wp-content\/uploads\/2017\/05\/scarpe_gearne_composite_carbon_g.chrono_Olmo.jpg\",\"contentUrl\":\"https:\/\/olmogenova.com\/wp-content\/uploads\/2017\/05\/scarpe_gearne_composite_carbon_g.chrono_Olmo.jpg\",\"width\":600,\"height\":600,\"caption\":\"scarpe_gearne_composite_carbon_g.chrono_Olmo\"},{\"@type\":\"WebPage\",\"@id\":\"https:\/\/olmogenova.com\/olmogenova-login\/tienda\/cycling-apparel\/scarpe-g-chrono-composite-carbon\/#webpage\",\"url\":\"https:\/\/olmogenova.com\/olmogenova-login\/tienda\/cycling-apparel\/scarpe-g-chrono-composite-carbon\/\",\"name\":\"Scarpe G.CHRONO - COMPOSITE CARBON - Olmo La Biciclissima\",\"isPartOf\":{\"@id\":\"https:\/\/olmogenova.com\/olmogenova-login\/#website\"},\"primaryImageOfPage\":{\"@id\":\"https:\/\/olmogenova.com\/olmogenova-login\/tienda\/cycling-apparel\/scarpe-g-chrono-composite-carbon\/#primaryimage\"},\"datePublished\":\"2021-01-17T12:27:41+00:00\",\"dateModified\":\"2021-01-17T12:27:44+00:00\",\"breadcrumb\":{\"@id\":\"https:\/\/olmogenova.com\/olmogenova-login\/tienda\/cycling-apparel\/scarpe-g-chrono-composite-carbon\/#breadcrumb\"},\"inLanguage\":\"it-IT\",\"potentialAction\":[{\"@type\":\"ReadAction\",\"target\":[\"https:\/\/olmogenova.com\/olmogenova-login\/tienda\/cycling-apparel\/scarpe-g-chrono-composite-carbon\/\"]}]},{\"@type\":\"BreadcrumbList\",\"@id\":\"https:\/\/olmogenova.com\/olmogenova-login\/tienda\/cycling-apparel\/scarpe-g-chrono-composite-carbon\/#breadcrumb\",\"itemListElement\":[{\"@type\":\"ListItem\",\"position\":1,\"name\":\"Home\",\"item\":\"https:\/\/olmogenova.com\/olmogenova-login\/\"},{\"@type\":\"ListItem\",\"position\":2,\"name\":\"Tienda\",\"item\":\"https:\/\/olmogenova.com\/olmogenova-login\/tienda\/\"},{\"@type\":\"ListItem\",\"position\":3,\"name\":\"Scarpe G.CHRONO &#8211; COMPOSITE CARBON\"}]}]}<\/script>\n<!-- \/ Yoast SEO plugin. -->","yoast_head_json":{"title":"Scarpe G.CHRONO - COMPOSITE CARBON - Olmo La Biciclissima","robots":{"index":"index","follow":"follow","max-snippet":"max-snippet:-1","max-image-preview":"max-image-preview:large","max-video-preview":"max-video-preview:-1"},"canonical":"https:\/\/olmogenova.com\/olmogenova-login\/tienda\/cycling-apparel\/scarpe-g-chrono-composite-carbon\/","og_locale":"it_IT","og_type":"article","og_title":"Scarpe G.CHRONO - COMPOSITE CARBON - Olmo La Biciclissima","og_description":"MODELLI: 3603-003 G.CHRONO EPS light weight &#8211; full &#8211; carbon sole 3604-003 COMPOSITE CARBON G.CHRONO EPS composite &#8211; carbon sole &nbsp; &nbsp; Scarpe 3604-003 COMPOSITE CARBON G.CHRONO Scarpe Gaerne Chrono Composite Carbon con suola in fibra di carbonio studiate fino al pi\u00f9 piccolo dettaglio per compiere le aspettative dei ciclisti pi\u00f9 esigenti. Questa scarpa da ... Leggi tutto","og_url":"https:\/\/olmogenova.com\/olmogenova-login\/tienda\/cycling-apparel\/scarpe-g-chrono-composite-carbon\/","og_site_name":"Olmo La Biciclissima","article_modified_time":"2021-01-17T12:27:44+00:00","og_image":[{"width":600,"height":600,"url":"https:\/\/olmogenova.com\/wp-content\/uploads\/2017\/05\/scarpe_gearne_composite_carbon_g.chrono_Olmo.jpg","type":"image\/jpeg"}],"twitter_card":"summary_large_image","twitter_misc":{"Tempo di lettura stimato":"1 minuto"},"schema":{"@context":"https:\/\/schema.org","@graph":[{"@type":"WebSite","@id":"https:\/\/olmogenova.com\/olmogenova-login\/#website","url":"https:\/\/olmogenova.com\/olmogenova-login\/","name":"Olmo La Biciclissima","description":"Genova","potentialAction":[{"@type":"SearchAction","target":{"@type":"EntryPoint","urlTemplate":"https:\/\/olmogenova.com\/olmogenova-login\/?s={search_term_string}"},"query-input":"required name=search_term_string"}],"inLanguage":"it-IT"},{"@type":"ImageObject","@id":"https:\/\/olmogenova.com\/olmogenova-login\/tienda\/cycling-apparel\/scarpe-g-chrono-composite-carbon\/#primaryimage","inLanguage":"it-IT","url":"https:\/\/olmogenova.com\/wp-content\/uploads\/2017\/05\/scarpe_gearne_composite_carbon_g.chrono_Olmo.jpg","contentUrl":"https:\/\/olmogenova.com\/wp-content\/uploads\/2017\/05\/scarpe_gearne_composite_carbon_g.chrono_Olmo.jpg","width":600,"height":600,"caption":"scarpe_gearne_composite_carbon_g.chrono_Olmo"},{"@type":"WebPage","@id":"https:\/\/olmogenova.com\/olmogenova-login\/tienda\/cycling-apparel\/scarpe-g-chrono-composite-carbon\/#webpage","url":"https:\/\/olmogenova.com\/olmogenova-login\/tienda\/cycling-apparel\/scarpe-g-chrono-composite-carbon\/","name":"Scarpe G.CHRONO - COMPOSITE CARBON - Olmo La Biciclissima","isPartOf":{"@id":"https:\/\/olmogenova.com\/olmogenova-login\/#website"},"primaryImageOfPage":{"@id":"https:\/\/olmogenova.com\/olmogenova-login\/tienda\/cycling-apparel\/scarpe-g-chrono-composite-carbon\/#primaryimage"},"datePublished":"2021-01-17T12:27:41+00:00","dateModified":"2021-01-17T12:27:44+00:00","breadcrumb":{"@id":"https:\/\/olmogenova.com\/olmogenova-login\/tienda\/cycling-apparel\/scarpe-g-chrono-composite-carbon\/#breadcrumb"},"inLanguage":"it-IT","potentialAction":[{"@type":"ReadAction","target":["https:\/\/olmogenova.com\/olmogenova-login\/tienda\/cycling-apparel\/scarpe-g-chrono-composite-carbon\/"]}]},{"@type":"BreadcrumbList","@id":"https:\/\/olmogenova.com\/olmogenova-login\/tienda\/cycling-apparel\/scarpe-g-chrono-composite-carbon\/#breadcrumb","itemListElement":[{"@type":"ListItem","position":1,"name":"Home","item":"https:\/\/olmogenova.com\/olmogenova-login\/"},{"@type":"ListItem","position":2,"name":"Tienda","item":"https:\/\/olmogenova.com\/olmogenova-login\/tienda\/"},{"@type":"ListItem","position":3,"name":"Scarpe G.CHRONO &#8211; COMPOSITE CARBON"}]}]}},"_links":{"self":[{"href":"https:\/\/olmogenova.com\/olmogenova-login\/wp-json\/wp\/v2\/product\/8838"}],"collection":[{"href":"https:\/\/olmogenova.com\/olmogenova-login\/wp-json\/wp\/v2\/product"}],"about":[{"href":"https:\/\/olmogenova.com\/olmogenova-login\/wp-json\/wp\/v2\/types\/product"}],"version-history":[{"count":1,"href":"https:\/\/olmogenova.com\/olmogenova-login\/wp-json\/wp\/v2\/product\/8838\/revisions"}],"predecessor-version":[{"id":8863,"href":"https:\/\/olmogenova.com\/olmogenova-login\/wp-json\/wp\/v2\/product\/8838\/revisions\/8863"}],"wp:featuredmedia":[{"embeddable":true,"href":"https:\/\/olmogenova.com\/olmogenova-login\/wp-json\/wp\/v2\/media\/5917"}],"wp:attachment":[{"href":"https:\/\/olmogenova.com\/olmogenova-login\/wp-json\/wp\/v2\/media?parent=8838"}],"wp:term":[{"taxonomy":"product_cat","embeddable":true,"href":"https:\/\/olmogenova.com\/olmogenova-login\/wp-json\/wp\/v2\/product_cat?post=8838"},{"taxonomy":"product_tag","embeddable":true,"href":"https:\/\/olmogenova.com\/olmogenova-login\/wp-json\/wp\/v2\/product_tag?post=8838"}],"curies":[{"name":"wp","href":"https:\/\/api.w.org\/{rel}","templated":true}]}}