{"id":8878,"date":"2021-01-17T12:27:46","date_gmt":"2021-01-17T12:27:46","guid":{"rendered":"https:\/\/olmogenova.com\/prodotto\/import-placeholder-for-7544\/"},"modified":"2021-01-17T12:27:49","modified_gmt":"2021-01-17T12:27:49","slug":"occhiali-salice-012","status":"publish","type":"product","link":"https:\/\/olmogenova.com\/olmogenova-login\/tienda\/cycling-apparel\/occhiali-salice-012\/","title":{"rendered":"Occhiali Salice 012"},"content":{"rendered":"<p>C\u2019\u00e8 quasi un secolo di storia alle spalle di Salice Occhiali, l\u2019azienda sulle rive del Lago di Como che dal 1919 produce occhiali sportivi. Una produzione che ha fatto dell\u2019italianit\u00e0 il proprio elemento distintivo, non solo perch\u00e9 riporta i colori della nostra bandiera su alcuni modelli, ma anche perch\u00e9 mantiene caparbiamente tutta la produzione in Italia, per garantire elevati livelli di qualit\u00e0 negli occhiali sportivi, cos\u00ec come nei caschi e nelle maschere da sci. Ma \u00e8 degli occhiali che ora vogliamo parlarvi, avendo avuto in test il modello 012 ITA RW.<\/p>\n","protected":false},"excerpt":{"rendered":"<p>C\u2019\u00e8 quasi un secolo di storia alle spalle di Salice Occhiali, l\u2019azienda sulle rive del Lago di Como che dal 1919 produce occhiali sportivi. Una produzione che ha fatto dell\u2019italianit\u00e0 il proprio elemento distintivo, non solo perch\u00e9 riporta i colori della nostra bandiera su alcuni modelli, ma anche perch\u00e9 mantiene caparbiamente tutta la produzione in &#8230; <a title=\"Occhiali Salice 012\" class=\"read-more\" href=\"https:\/\/olmogenova.com\/olmogenova-login\/tienda\/cycling-apparel\/occhiali-salice-012\/\" aria-label=\"Leggi di pi\u00f9 su Occhiali Salice 012\">Leggi tutto<\/a><\/p>\n","protected":false},"featured_media":5977,"template":"","meta":[],"product_cat":[91],"product_tag":[],"yoast_head":"<!-- This site is optimized with the Yoast SEO plugin v18.3 - https:\/\/yoast.com\/wordpress\/plugins\/seo\/ -->\n<title>Occhiali Salice 012 - Olmo La Biciclissima<\/title>\n<meta name=\"robots\" content=\"index, follow, max-snippet:-1, max-image-preview:large, max-video-preview:-1\" \/>\n<link rel=\"canonical\" href=\"https:\/\/olmogenova.com\/olmogenova-login\/tienda\/cycling-apparel\/occhiali-salice-012\/\" \/>\n<meta property=\"og:locale\" content=\"it_IT\" \/>\n<meta property=\"og:type\" content=\"article\" \/>\n<meta property=\"og:title\" content=\"Occhiali Salice 012 - Olmo La Biciclissima\" \/>\n<meta property=\"og:description\" content=\"C\u2019\u00e8 quasi un secolo di storia alle spalle di Salice Occhiali, l\u2019azienda sulle rive del Lago di Como che dal 1919 produce occhiali sportivi. Una produzione che ha fatto dell\u2019italianit\u00e0 il proprio elemento distintivo, non solo perch\u00e9 riporta i colori della nostra bandiera su alcuni modelli, ma anche perch\u00e9 mantiene caparbiamente tutta la produzione in ... Leggi tutto\" \/>\n<meta property=\"og:url\" content=\"https:\/\/olmogenova.com\/olmogenova-login\/tienda\/cycling-apparel\/occhiali-salice-012\/\" \/>\n<meta property=\"og:site_name\" content=\"Olmo La Biciclissima\" \/>\n<meta property=\"article:modified_time\" content=\"2021-01-17T12:27:49+00:00\" \/>\n<meta property=\"og:image\" content=\"https:\/\/olmogenova.com\/wp-content\/uploads\/2017\/05\/occhiali_salice_012_Olmo_La_Biciclissima.jpg\" \/>\n\t<meta property=\"og:image:width\" content=\"600\" \/>\n\t<meta property=\"og:image:height\" content=\"600\" \/>\n\t<meta property=\"og:image:type\" content=\"image\/jpeg\" \/>\n<meta name=\"twitter:card\" content=\"summary_large_image\" \/>\n<script type=\"application\/ld+json\" class=\"yoast-schema-graph\">{\"@context\":\"https:\/\/schema.org\",\"@graph\":[{\"@type\":\"WebSite\",\"@id\":\"https:\/\/olmogenova.com\/olmogenova-login\/#website\",\"url\":\"https:\/\/olmogenova.com\/olmogenova-login\/\",\"name\":\"Olmo La Biciclissima\",\"description\":\"Genova\",\"potentialAction\":[{\"@type\":\"SearchAction\",\"target\":{\"@type\":\"EntryPoint\",\"urlTemplate\":\"https:\/\/olmogenova.com\/olmogenova-login\/?s={search_term_string}\"},\"query-input\":\"required name=search_term_string\"}],\"inLanguage\":\"it-IT\"},{\"@type\":\"ImageObject\",\"@id\":\"https:\/\/olmogenova.com\/olmogenova-login\/tienda\/cycling-apparel\/occhiali-salice-012\/#primaryimage\",\"inLanguage\":\"it-IT\",\"url\":\"https:\/\/olmogenova.com\/wp-content\/uploads\/2017\/05\/occhiali_salice_012_Olmo_La_Biciclissima.jpg\",\"contentUrl\":\"https:\/\/olmogenova.com\/wp-content\/uploads\/2017\/05\/occhiali_salice_012_Olmo_La_Biciclissima.jpg\",\"width\":600,\"height\":600},{\"@type\":\"WebPage\",\"@id\":\"https:\/\/olmogenova.com\/olmogenova-login\/tienda\/cycling-apparel\/occhiali-salice-012\/#webpage\",\"url\":\"https:\/\/olmogenova.com\/olmogenova-login\/tienda\/cycling-apparel\/occhiali-salice-012\/\",\"name\":\"Occhiali Salice 012 - Olmo La Biciclissima\",\"isPartOf\":{\"@id\":\"https:\/\/olmogenova.com\/olmogenova-login\/#website\"},\"primaryImageOfPage\":{\"@id\":\"https:\/\/olmogenova.com\/olmogenova-login\/tienda\/cycling-apparel\/occhiali-salice-012\/#primaryimage\"},\"datePublished\":\"2021-01-17T12:27:46+00:00\",\"dateModified\":\"2021-01-17T12:27:49+00:00\",\"breadcrumb\":{\"@id\":\"https:\/\/olmogenova.com\/olmogenova-login\/tienda\/cycling-apparel\/occhiali-salice-012\/#breadcrumb\"},\"inLanguage\":\"it-IT\",\"potentialAction\":[{\"@type\":\"ReadAction\",\"target\":[\"https:\/\/olmogenova.com\/olmogenova-login\/tienda\/cycling-apparel\/occhiali-salice-012\/\"]}]},{\"@type\":\"BreadcrumbList\",\"@id\":\"https:\/\/olmogenova.com\/olmogenova-login\/tienda\/cycling-apparel\/occhiali-salice-012\/#breadcrumb\",\"itemListElement\":[{\"@type\":\"ListItem\",\"position\":1,\"name\":\"Home\",\"item\":\"https:\/\/olmogenova.com\/olmogenova-login\/\"},{\"@type\":\"ListItem\",\"position\":2,\"name\":\"Tienda\",\"item\":\"https:\/\/olmogenova.com\/olmogenova-login\/tienda\/\"},{\"@type\":\"ListItem\",\"position\":3,\"name\":\"Occhiali Salice 012\"}]}]}<\/script>\n<!-- \/ Yoast SEO plugin. -->","yoast_head_json":{"title":"Occhiali Salice 012 - Olmo La Biciclissima","robots":{"index":"index","follow":"follow","max-snippet":"max-snippet:-1","max-image-preview":"max-image-preview:large","max-video-preview":"max-video-preview:-1"},"canonical":"https:\/\/olmogenova.com\/olmogenova-login\/tienda\/cycling-apparel\/occhiali-salice-012\/","og_locale":"it_IT","og_type":"article","og_title":"Occhiali Salice 012 - Olmo La Biciclissima","og_description":"C\u2019\u00e8 quasi un secolo di storia alle spalle di Salice Occhiali, l\u2019azienda sulle rive del Lago di Como che dal 1919 produce occhiali sportivi. Una produzione che ha fatto dell\u2019italianit\u00e0 il proprio elemento distintivo, non solo perch\u00e9 riporta i colori della nostra bandiera su alcuni modelli, ma anche perch\u00e9 mantiene caparbiamente tutta la produzione in ... Leggi tutto","og_url":"https:\/\/olmogenova.com\/olmogenova-login\/tienda\/cycling-apparel\/occhiali-salice-012\/","og_site_name":"Olmo La Biciclissima","article_modified_time":"2021-01-17T12:27:49+00:00","og_image":[{"width":600,"height":600,"url":"https:\/\/olmogenova.com\/wp-content\/uploads\/2017\/05\/occhiali_salice_012_Olmo_La_Biciclissima.jpg","type":"image\/jpeg"}],"twitter_card":"summary_large_image","schema":{"@context":"https:\/\/schema.org","@graph":[{"@type":"WebSite","@id":"https:\/\/olmogenova.com\/olmogenova-login\/#website","url":"https:\/\/olmogenova.com\/olmogenova-login\/","name":"Olmo La Biciclissima","description":"Genova","potentialAction":[{"@type":"SearchAction","target":{"@type":"EntryPoint","urlTemplate":"https:\/\/olmogenova.com\/olmogenova-login\/?s={search_term_string}"},"query-input":"required name=search_term_string"}],"inLanguage":"it-IT"},{"@type":"ImageObject","@id":"https:\/\/olmogenova.com\/olmogenova-login\/tienda\/cycling-apparel\/occhiali-salice-012\/#primaryimage","inLanguage":"it-IT","url":"https:\/\/olmogenova.com\/wp-content\/uploads\/2017\/05\/occhiali_salice_012_Olmo_La_Biciclissima.jpg","contentUrl":"https:\/\/olmogenova.com\/wp-content\/uploads\/2017\/05\/occhiali_salice_012_Olmo_La_Biciclissima.jpg","width":600,"height":600},{"@type":"WebPage","@id":"https:\/\/olmogenova.com\/olmogenova-login\/tienda\/cycling-apparel\/occhiali-salice-012\/#webpage","url":"https:\/\/olmogenova.com\/olmogenova-login\/tienda\/cycling-apparel\/occhiali-salice-012\/","name":"Occhiali Salice 012 - Olmo La Biciclissima","isPartOf":{"@id":"https:\/\/olmogenova.com\/olmogenova-login\/#website"},"primaryImageOfPage":{"@id":"https:\/\/olmogenova.com\/olmogenova-login\/tienda\/cycling-apparel\/occhiali-salice-012\/#primaryimage"},"datePublished":"2021-01-17T12:27:46+00:00","dateModified":"2021-01-17T12:27:49+00:00","breadcrumb":{"@id":"https:\/\/olmogenova.com\/olmogenova-login\/tienda\/cycling-apparel\/occhiali-salice-012\/#breadcrumb"},"inLanguage":"it-IT","potentialAction":[{"@type":"ReadAction","target":["https:\/\/olmogenova.com\/olmogenova-login\/tienda\/cycling-apparel\/occhiali-salice-012\/"]}]},{"@type":"BreadcrumbList","@id":"https:\/\/olmogenova.com\/olmogenova-login\/tienda\/cycling-apparel\/occhiali-salice-012\/#breadcrumb","itemListElement":[{"@type":"ListItem","position":1,"name":"Home","item":"https:\/\/olmogenova.com\/olmogenova-login\/"},{"@type":"ListItem","position":2,"name":"Tienda","item":"https:\/\/olmogenova.com\/olmogenova-login\/tienda\/"},{"@type":"ListItem","position":3,"name":"Occhiali Salice 012"}]}]}},"_links":{"self":[{"href":"https:\/\/olmogenova.com\/olmogenova-login\/wp-json\/wp\/v2\/product\/8878"}],"collection":[{"href":"https:\/\/olmogenova.com\/olmogenova-login\/wp-json\/wp\/v2\/product"}],"about":[{"href":"https:\/\/olmogenova.com\/olmogenova-login\/wp-json\/wp\/v2\/types\/product"}],"version-history":[{"count":1,"href":"https:\/\/olmogenova.com\/olmogenova-login\/wp-json\/wp\/v2\/product\/8878\/revisions"}],"predecessor-version":[{"id":8908,"href":"https:\/\/olmogenova.com\/olmogenova-login\/wp-json\/wp\/v2\/product\/8878\/revisions\/8908"}],"wp:featuredmedia":[{"embeddable":true,"href":"https:\/\/olmogenova.com\/olmogenova-login\/wp-json\/wp\/v2\/media\/5977"}],"wp:attachment":[{"href":"https:\/\/olmogenova.com\/olmogenova-login\/wp-json\/wp\/v2\/media?parent=8878"}],"wp:term":[{"taxonomy":"product_cat","embeddable":true,"href":"https:\/\/olmogenova.com\/olmogenova-login\/wp-json\/wp\/v2\/product_cat?post=8878"},{"taxonomy":"product_tag","embeddable":true,"href":"https:\/\/olmogenova.com\/olmogenova-login\/wp-json\/wp\/v2\/product_tag?post=8878"}],"curies":[{"name":"wp","href":"https:\/\/api.w.org\/{rel}","templated":true}]}}