{"id":8894,"date":"2021-01-17T12:27:47","date_gmt":"2021-01-17T12:27:47","guid":{"rendered":"https:\/\/olmogenova.com\/prodotto\/import-placeholder-for-7560\/"},"modified":"2021-01-17T12:27:50","modified_gmt":"2021-01-17T12:27:50","slug":"castelli-gabba-jersey","status":"publish","type":"product","link":"https:\/\/olmogenova.com\/olmogenova-login\/tienda\/cycling-apparel\/castelli-gabba-jersey\/","title":{"rendered":"Castelli Gabba Jersey"},"content":{"rendered":"<p>La Gabba Windstopper Rain Jersy \u00e8 stato un tale successo spettacolare nella Pro Peloton che Castelli non ha potuto resistere a fare una versione a manica lunga per giorni di allenamento umido e ventoso. L&#8217;Aero Rain Lite \u00e8 costituito da un tessuto impermeabile con notevole trazione e traspirabilit\u00e0, ma con un tocco quasi senza peso sul corpo. Il taglio \u00e8 lungo nella parte posteriore per mantenere la spruzzata della ruota a bada con generosa aperture zippate sui lati.<\/p>\n","protected":false},"excerpt":{"rendered":"<p>La Gabba Windstopper Rain Jersy \u00e8 stato un tale successo spettacolare nella Pro Peloton che Castelli non ha potuto resistere a fare una versione a manica lunga per giorni di allenamento umido e ventoso. L&#8217;Aero Rain Lite \u00e8 costituito da un tessuto impermeabile con notevole trazione e traspirabilit\u00e0, ma con un tocco quasi senza peso &#8230; <a title=\"Castelli Gabba Jersey\" class=\"read-more\" href=\"https:\/\/olmogenova.com\/olmogenova-login\/tienda\/cycling-apparel\/castelli-gabba-jersey\/\" aria-label=\"Leggi di pi\u00f9 su Castelli Gabba Jersey\">Leggi tutto<\/a><\/p>\n","protected":false},"featured_media":6046,"template":"","meta":[],"product_cat":[91],"product_tag":[],"yoast_head":"<!-- This site is optimized with the Yoast SEO plugin v18.3 - https:\/\/yoast.com\/wordpress\/plugins\/seo\/ -->\n<title>Castelli Gabba Jersey - Olmo La Biciclissima<\/title>\n<meta name=\"robots\" content=\"index, follow, max-snippet:-1, max-image-preview:large, max-video-preview:-1\" \/>\n<link rel=\"canonical\" href=\"https:\/\/olmogenova.com\/olmogenova-login\/tienda\/cycling-apparel\/castelli-gabba-jersey\/\" \/>\n<meta property=\"og:locale\" content=\"it_IT\" \/>\n<meta property=\"og:type\" content=\"article\" \/>\n<meta property=\"og:title\" content=\"Castelli Gabba Jersey - Olmo La Biciclissima\" \/>\n<meta property=\"og:description\" content=\"La Gabba Windstopper Rain Jersy \u00e8 stato un tale successo spettacolare nella Pro Peloton che Castelli non ha potuto resistere a fare una versione a manica lunga per giorni di allenamento umido e ventoso. L&#8217;Aero Rain Lite \u00e8 costituito da un tessuto impermeabile con notevole trazione e traspirabilit\u00e0, ma con un tocco quasi senza peso ... Leggi tutto\" \/>\n<meta property=\"og:url\" content=\"https:\/\/olmogenova.com\/olmogenova-login\/tienda\/cycling-apparel\/castelli-gabba-jersey\/\" \/>\n<meta property=\"og:site_name\" content=\"Olmo La Biciclissima\" \/>\n<meta property=\"article:modified_time\" content=\"2021-01-17T12:27:50+00:00\" \/>\n<meta property=\"og:image\" content=\"https:\/\/olmogenova.com\/wp-content\/uploads\/2017\/06\/Castelli_Gabba_-Windstopper_Long_Sleeve_Jersey_Olmo.jpg\" \/>\n\t<meta property=\"og:image:width\" content=\"600\" \/>\n\t<meta property=\"og:image:height\" content=\"600\" \/>\n\t<meta property=\"og:image:type\" content=\"image\/jpeg\" \/>\n<meta name=\"twitter:card\" content=\"summary_large_image\" \/>\n<script type=\"application\/ld+json\" class=\"yoast-schema-graph\">{\"@context\":\"https:\/\/schema.org\",\"@graph\":[{\"@type\":\"WebSite\",\"@id\":\"https:\/\/olmogenova.com\/olmogenova-login\/#website\",\"url\":\"https:\/\/olmogenova.com\/olmogenova-login\/\",\"name\":\"Olmo La Biciclissima\",\"description\":\"Genova\",\"potentialAction\":[{\"@type\":\"SearchAction\",\"target\":{\"@type\":\"EntryPoint\",\"urlTemplate\":\"https:\/\/olmogenova.com\/olmogenova-login\/?s={search_term_string}\"},\"query-input\":\"required name=search_term_string\"}],\"inLanguage\":\"it-IT\"},{\"@type\":\"ImageObject\",\"@id\":\"https:\/\/olmogenova.com\/olmogenova-login\/tienda\/cycling-apparel\/castelli-gabba-jersey\/#primaryimage\",\"inLanguage\":\"it-IT\",\"url\":\"https:\/\/olmogenova.com\/wp-content\/uploads\/2017\/06\/Castelli_Gabba_-Windstopper_Long_Sleeve_Jersey_Olmo.jpg\",\"contentUrl\":\"https:\/\/olmogenova.com\/wp-content\/uploads\/2017\/06\/Castelli_Gabba_-Windstopper_Long_Sleeve_Jersey_Olmo.jpg\",\"width\":600,\"height\":600},{\"@type\":\"WebPage\",\"@id\":\"https:\/\/olmogenova.com\/olmogenova-login\/tienda\/cycling-apparel\/castelli-gabba-jersey\/#webpage\",\"url\":\"https:\/\/olmogenova.com\/olmogenova-login\/tienda\/cycling-apparel\/castelli-gabba-jersey\/\",\"name\":\"Castelli Gabba Jersey - Olmo La Biciclissima\",\"isPartOf\":{\"@id\":\"https:\/\/olmogenova.com\/olmogenova-login\/#website\"},\"primaryImageOfPage\":{\"@id\":\"https:\/\/olmogenova.com\/olmogenova-login\/tienda\/cycling-apparel\/castelli-gabba-jersey\/#primaryimage\"},\"datePublished\":\"2021-01-17T12:27:47+00:00\",\"dateModified\":\"2021-01-17T12:27:50+00:00\",\"breadcrumb\":{\"@id\":\"https:\/\/olmogenova.com\/olmogenova-login\/tienda\/cycling-apparel\/castelli-gabba-jersey\/#breadcrumb\"},\"inLanguage\":\"it-IT\",\"potentialAction\":[{\"@type\":\"ReadAction\",\"target\":[\"https:\/\/olmogenova.com\/olmogenova-login\/tienda\/cycling-apparel\/castelli-gabba-jersey\/\"]}]},{\"@type\":\"BreadcrumbList\",\"@id\":\"https:\/\/olmogenova.com\/olmogenova-login\/tienda\/cycling-apparel\/castelli-gabba-jersey\/#breadcrumb\",\"itemListElement\":[{\"@type\":\"ListItem\",\"position\":1,\"name\":\"Home\",\"item\":\"https:\/\/olmogenova.com\/olmogenova-login\/\"},{\"@type\":\"ListItem\",\"position\":2,\"name\":\"Tienda\",\"item\":\"https:\/\/olmogenova.com\/olmogenova-login\/tienda\/\"},{\"@type\":\"ListItem\",\"position\":3,\"name\":\"Castelli Gabba Jersey\"}]}]}<\/script>\n<!-- \/ Yoast SEO plugin. -->","yoast_head_json":{"title":"Castelli Gabba Jersey - Olmo La Biciclissima","robots":{"index":"index","follow":"follow","max-snippet":"max-snippet:-1","max-image-preview":"max-image-preview:large","max-video-preview":"max-video-preview:-1"},"canonical":"https:\/\/olmogenova.com\/olmogenova-login\/tienda\/cycling-apparel\/castelli-gabba-jersey\/","og_locale":"it_IT","og_type":"article","og_title":"Castelli Gabba Jersey - Olmo La Biciclissima","og_description":"La Gabba Windstopper Rain Jersy \u00e8 stato un tale successo spettacolare nella Pro Peloton che Castelli non ha potuto resistere a fare una versione a manica lunga per giorni di allenamento umido e ventoso. L&#8217;Aero Rain Lite \u00e8 costituito da un tessuto impermeabile con notevole trazione e traspirabilit\u00e0, ma con un tocco quasi senza peso ... Leggi tutto","og_url":"https:\/\/olmogenova.com\/olmogenova-login\/tienda\/cycling-apparel\/castelli-gabba-jersey\/","og_site_name":"Olmo La Biciclissima","article_modified_time":"2021-01-17T12:27:50+00:00","og_image":[{"width":600,"height":600,"url":"https:\/\/olmogenova.com\/wp-content\/uploads\/2017\/06\/Castelli_Gabba_-Windstopper_Long_Sleeve_Jersey_Olmo.jpg","type":"image\/jpeg"}],"twitter_card":"summary_large_image","schema":{"@context":"https:\/\/schema.org","@graph":[{"@type":"WebSite","@id":"https:\/\/olmogenova.com\/olmogenova-login\/#website","url":"https:\/\/olmogenova.com\/olmogenova-login\/","name":"Olmo La Biciclissima","description":"Genova","potentialAction":[{"@type":"SearchAction","target":{"@type":"EntryPoint","urlTemplate":"https:\/\/olmogenova.com\/olmogenova-login\/?s={search_term_string}"},"query-input":"required name=search_term_string"}],"inLanguage":"it-IT"},{"@type":"ImageObject","@id":"https:\/\/olmogenova.com\/olmogenova-login\/tienda\/cycling-apparel\/castelli-gabba-jersey\/#primaryimage","inLanguage":"it-IT","url":"https:\/\/olmogenova.com\/wp-content\/uploads\/2017\/06\/Castelli_Gabba_-Windstopper_Long_Sleeve_Jersey_Olmo.jpg","contentUrl":"https:\/\/olmogenova.com\/wp-content\/uploads\/2017\/06\/Castelli_Gabba_-Windstopper_Long_Sleeve_Jersey_Olmo.jpg","width":600,"height":600},{"@type":"WebPage","@id":"https:\/\/olmogenova.com\/olmogenova-login\/tienda\/cycling-apparel\/castelli-gabba-jersey\/#webpage","url":"https:\/\/olmogenova.com\/olmogenova-login\/tienda\/cycling-apparel\/castelli-gabba-jersey\/","name":"Castelli Gabba Jersey - Olmo La Biciclissima","isPartOf":{"@id":"https:\/\/olmogenova.com\/olmogenova-login\/#website"},"primaryImageOfPage":{"@id":"https:\/\/olmogenova.com\/olmogenova-login\/tienda\/cycling-apparel\/castelli-gabba-jersey\/#primaryimage"},"datePublished":"2021-01-17T12:27:47+00:00","dateModified":"2021-01-17T12:27:50+00:00","breadcrumb":{"@id":"https:\/\/olmogenova.com\/olmogenova-login\/tienda\/cycling-apparel\/castelli-gabba-jersey\/#breadcrumb"},"inLanguage":"it-IT","potentialAction":[{"@type":"ReadAction","target":["https:\/\/olmogenova.com\/olmogenova-login\/tienda\/cycling-apparel\/castelli-gabba-jersey\/"]}]},{"@type":"BreadcrumbList","@id":"https:\/\/olmogenova.com\/olmogenova-login\/tienda\/cycling-apparel\/castelli-gabba-jersey\/#breadcrumb","itemListElement":[{"@type":"ListItem","position":1,"name":"Home","item":"https:\/\/olmogenova.com\/olmogenova-login\/"},{"@type":"ListItem","position":2,"name":"Tienda","item":"https:\/\/olmogenova.com\/olmogenova-login\/tienda\/"},{"@type":"ListItem","position":3,"name":"Castelli Gabba Jersey"}]}]}},"_links":{"self":[{"href":"https:\/\/olmogenova.com\/olmogenova-login\/wp-json\/wp\/v2\/product\/8894"}],"collection":[{"href":"https:\/\/olmogenova.com\/olmogenova-login\/wp-json\/wp\/v2\/product"}],"about":[{"href":"https:\/\/olmogenova.com\/olmogenova-login\/wp-json\/wp\/v2\/types\/product"}],"version-history":[{"count":1,"href":"https:\/\/olmogenova.com\/olmogenova-login\/wp-json\/wp\/v2\/product\/8894\/revisions"}],"predecessor-version":[{"id":8924,"href":"https:\/\/olmogenova.com\/olmogenova-login\/wp-json\/wp\/v2\/product\/8894\/revisions\/8924"}],"wp:featuredmedia":[{"embeddable":true,"href":"https:\/\/olmogenova.com\/olmogenova-login\/wp-json\/wp\/v2\/media\/6046"}],"wp:attachment":[{"href":"https:\/\/olmogenova.com\/olmogenova-login\/wp-json\/wp\/v2\/media?parent=8894"}],"wp:term":[{"taxonomy":"product_cat","embeddable":true,"href":"https:\/\/olmogenova.com\/olmogenova-login\/wp-json\/wp\/v2\/product_cat?post=8894"},{"taxonomy":"product_tag","embeddable":true,"href":"https:\/\/olmogenova.com\/olmogenova-login\/wp-json\/wp\/v2\/product_tag?post=8894"}],"curies":[{"name":"wp","href":"https:\/\/api.w.org\/{rel}","templated":true}]}}